{"id":891,"date":"2019-06-20T16:08:23","date_gmt":"2019-06-20T16:08:23","guid":{"rendered":"http:\/\/paginaswebenmexico.net\/wordpress2019\/?page_id=891"},"modified":"2019-09-05T18:55:21","modified_gmt":"2019-09-05T18:55:21","slug":"posicionamiento-en-google","status":"publish","type":"page","link":"https:\/\/paginaswebenmexico.net\/wordpress2019\/posicionamiento-en-google\/","title":{"rendered":"Posicionamiento en Google"},"content":{"rendered":"<p>[et_pb_section fb_built=&#8221;1&#8243; fullwidth=&#8221;on&#8221; _builder_version=&#8221;3.24.1&#8243;][et_pb_fullwidth_image src=&#8221;http:\/\/paginaswebenmexico.net\/wordpress2019\/wp-content\/uploads\/2019\/06\/inicio-07-ok.jpg&#8221; disabled_on=&#8221;on|off|off&#8221; _builder_version=&#8221;3.24.1&#8243; animation_style=&#8221;bounce&#8221;][\/et_pb_fullwidth_image][\/et_pb_section][et_pb_section fb_built=&#8221;1&#8243; fullwidth=&#8221;on&#8221; _builder_version=&#8221;3.24.1&#8243;][et_pb_fullwidth_image src=&#8221;http:\/\/paginaswebenmexico.net\/wordpress2019\/wp-content\/uploads\/2019\/07\/posicionamiento-inicio-cel.jpg&#8221; disabled_on=&#8221;off|on|on&#8221; _builder_version=&#8221;3.24.1&#8243; animation_style=&#8221;roll&#8221;][\/et_pb_fullwidth_image][\/et_pb_section][et_pb_section fb_built=&#8221;1&#8243; fullwidth=&#8221;on&#8221; _builder_version=&#8221;3.24.1&#8243;][et_pb_fullwidth_image src=&#8221;http:\/\/paginaswebenmexico.net\/wordpress2019\/wp-content\/uploads\/2019\/06\/inicio-en-cel-04-ok.jpg&#8221; disabled_on=&#8221;off|on|on&#8221; _builder_version=&#8221;3.24.1&#8243; animation_style=&#8221;bounce&#8221;][\/et_pb_fullwidth_image][\/et_pb_section][et_pb_section fb_built=&#8221;1&#8243; fullwidth=&#8221;on&#8221; _builder_version=&#8221;3.24.1&#8243;][et_pb_fullwidth_header title=&#8221;Podemos posicionar a tu empresa o Negocio en el buscador Google en forma directa!!&#8221; _builder_version=&#8221;3.24.1&#8243; title_font=&#8221;||||||||&#8221; title_text_shadow_style=&#8221;preset1&#8243; content_font=&#8221;||||||||&#8221; content_text_shadow_style=&#8221;preset1&#8243; background_color=&#8221;#8300e9&#8243; use_background_color_gradient=&#8221;on&#8221; background_color_gradient_start=&#8221;#8300e9&#8243; background_color_gradient_end=&#8221;#2e71dd&#8221; animation_style=&#8221;roll&#8221;]<\/p>\n<p><span style=\"font-size: large;\">Para poder <b>aumentar el n\u00famero de visitas de posibles nuevos clientes a tu Sitio Web<\/b><\/span><\/p>\n<p>[\/et_pb_fullwidth_header][\/et_pb_section][et_pb_section fb_built=&#8221;1&#8243; _builder_version=&#8221;3.24.1&#8243;][et_pb_row custom_padding=&#8221;0px|||||&#8221; _builder_version=&#8221;3.24.1&#8243; width=&#8221;90%&#8221; max_width=&#8221;1400px&#8221;][et_pb_column type=&#8221;1_2&#8243; _builder_version=&#8221;3.24.1&#8243;][et_pb_image src=&#8221;http:\/\/paginaswebenmexico.net\/wordpress2019\/wp-content\/uploads\/2019\/06\/buscador-en-google.jpg&#8221; force_fullwidth=&#8221;on&#8221; _builder_version=&#8221;3.24.1&#8243; custom_margin=&#8221;|10px||||&#8221; animation_style=&#8221;zoom&#8221;][\/et_pb_image][\/et_pb_column][et_pb_column type=&#8221;1_2&#8243; _builder_version=&#8221;3.24.1&#8243;][et_pb_text _builder_version=&#8221;3.24.1&#8243; animation_style=&#8221;roll&#8221;]<\/p>\n<p><span style=\"font-size: x-large;\">Contamos con <b>el servicio del buscador mas importante del mundo &#8230;\u00a0 Google\u00a0<\/b><b>ADWORDS !!<\/b><\/span><\/p>\n<p>[\/et_pb_text][et_pb_text _builder_version=&#8221;3.24.1&#8243; custom_margin=&#8221;2px|||||&#8221; animation_style=&#8221;roll&#8221;]<\/p>\n<p><span style=\"font-size: large;\"><b>Depende del tipo de Empresa y lo solicitado que est\u00e9n tus servicios o productos\u00a0en tu competencia <\/b><u><b>es el costo por mes<\/b><\/u>, pero algo muy importante ..\u00a0<span style=\"color: #8300e9;\">\u00a1 nosotros <b>hemos logrado el precio mas econ\u00f3mico incluso que la Secci\u00f3n Amarilla<\/b> y <b>con mejores resultados !!<\/b><\/span><\/span><\/p>\n<p><span style=\"font-size: large; color: #000000;\"><b>El primer mes<\/b> hemos logrado un s\u00faper precio de\u00a0<u><b>$3,500 + iva<\/b><\/u> (para hacer toda la programaci\u00f3n interna de la conexi\u00f3n con Google con su Google Analitics y c\u00f3digos internos .. etc.)<\/span><\/p>\n<p><span style=\"font-size: x-large; color: #e02b20;\"><b>y el segundo mes<\/b>\u00a0 bajamos el costo a\u00a0<u><b>$2,700 !! + iva<\/b><\/u><\/span><\/p>\n<p><span style=\"font-size: large; color: #000000;\">.. es como tener <b>un vendedor las 24 horas del d\u00eda los 365 d\u00edas del a\u00f1o y por un sueldo de $\u00a02,700<\/b> que autom\u00e1ticamente <b>se paga solo<\/b> ..\u00a0con las ventas que\u00a0<b>Google Adwords<\/b>\u00a0realiza!!<\/span><\/p>\n<p>[\/et_pb_text][\/et_pb_column][\/et_pb_row][\/et_pb_section][et_pb_section fb_built=&#8221;1&#8243; fullwidth=&#8221;on&#8221; _builder_version=&#8221;3.24.1&#8243;][et_pb_fullwidth_header title=&#8221;Ranqueamos tu empresa (en Google) manejando los mejores programas homologados por Google.\u00a0 \u00a0 \u00a0GOOGLE ADS &#038; GOOGLE ANALYTICS&#8221; _builder_version=&#8221;3.24.1&#8243; title_font=&#8221;||||||||&#8221; title_text_shadow_style=&#8221;preset1&#8243; content_font=&#8221;||||||||&#8221; content_text_shadow_style=&#8221;preset1&#8243; background_color=&#8221;#8300e9&#8243; use_background_color_gradient=&#8221;on&#8221; background_color_gradient_start=&#8221;#8300e9&#8243; background_color_gradient_end=&#8221;#2e71dd&#8221; animation_style=&#8221;roll&#8221;]<\/p>\n<p>UX (EXPERIENCIA DE USUARIO), UI (INTERFAZ DE USUARIO)<\/p>\n<p>[\/et_pb_fullwidth_header][\/et_pb_section][et_pb_section fb_built=&#8221;1&#8243; _builder_version=&#8221;3.24.1&#8243; box_shadow_style=&#8221;preset3&#8243;][et_pb_row custom_padding=&#8221;0px|||||&#8221; _builder_version=&#8221;3.24.1&#8243; width=&#8221;90%&#8221; max_width=&#8221;1400px&#8221;][et_pb_column type=&#8221;1_2&#8243; _builder_version=&#8221;3.24.1&#8243;][et_pb_image src=&#8221;http:\/\/paginaswebenmexico.net\/wordpress2019\/wp-content\/uploads\/2019\/09\/logos-adwords-y-analytics.jpg&#8221; force_fullwidth=&#8221;on&#8221; _builder_version=&#8221;3.24.1&#8243; custom_margin=&#8221;|10px||||&#8221; animation_style=&#8221;zoom&#8221; box_shadow_style=&#8221;preset3&#8243;][\/et_pb_image][\/et_pb_column][et_pb_column type=&#8221;1_2&#8243; _builder_version=&#8221;3.24.1&#8243;][et_pb_text _builder_version=&#8221;3.24.1&#8243; animation_style=&#8221;roll&#8221;]<\/p>\n<p><span style=\"font-size: xx-large; color: #8300e9;\"><strong>En tu P\u00e1gina integramos la experiencia y la interacci\u00f3n con el Usuario<\/strong><\/span><\/p>\n<p>[\/et_pb_text][et_pb_text _builder_version=&#8221;3.24.1&#8243; custom_margin=&#8221;2px|||||&#8221; animation_style=&#8221;roll&#8221;]<\/p>\n<p><span style=\"font-size: x-large;\"><strong>La UX<\/strong> es lo que queremos que nuestro usuario sienta al entrar en nuestra web, mientras que la <strong>UI<\/strong> es lo que nosotros realizamos y ponemos en la pantalla para que el usuario consiga sentirlo.<\/span><\/p>\n<p><span style=\"font-size: x-large;\"><strong>Ambas cosas son complementarias:<\/strong> no conseguiremos tener una buena experiencia de usuario sin un buen dise\u00f1o de interfaz, y a su vez la mejora de este dise\u00f1o har\u00e1 que la experiencia de usuario sea igualmente mejor.<\/span><\/p>\n<p><span style=\"font-size: x-large; color: #fc23db;\"><strong>Por lo tanto, UX y UI deben ir de la mano para lograr el 100% del objetivo.<\/strong><\/span><\/p>\n<p>[\/et_pb_text][\/et_pb_column][\/et_pb_row][\/et_pb_section][et_pb_section fb_built=&#8221;1&#8243; fullwidth=&#8221;on&#8221; disabled_on=&#8221;off|on|on&#8221; _builder_version=&#8221;3.24.1&#8243;][et_pb_fullwidth_image src=&#8221;http:\/\/paginaswebenmexico.net\/wordpress2019\/wp-content\/uploads\/2019\/07\/carita-con-manitas-003-b-1.jpg&#8221; disabled_on=&#8221;off|off|off&#8221; _builder_version=&#8221;3.24.1&#8243; animation_style=&#8221;bounce&#8221;][\/et_pb_fullwidth_image][\/et_pb_section][et_pb_section fb_built=&#8221;1&#8243; fullwidth=&#8221;on&#8221; _builder_version=&#8221;3.24.1&#8243;][et_pb_fullwidth_header title=&#8221;M\u00e1rcanos por Whats App al 5516286084 o al 5528911200             ofi:   41735309&#8243; _builder_version=&#8221;3.24.1&#8243; title_font=&#8221;||||||||&#8221; title_text_shadow_style=&#8221;preset1&#8243; content_font=&#8221;||||||||&#8221; content_text_shadow_style=&#8221;preset1&#8243; background_color=&#8221;#8300e9&#8243; animation_style=&#8221;roll&#8221;]<\/p>\n<h2>.. o escr\u00edbenos aqu\u00ed lo que necesitas y de inmediato te atendemos!<\/h2>\n<p>[\/et_pb_fullwidth_header][\/et_pb_section][et_pb_section fb_built=&#8221;1&#8243; specialty=&#8221;on&#8221; custom_padding_last_edited=&#8221;off|desktop&#8221; admin_label=&#8221;Footer&#8221; _builder_version=&#8221;3.24.1&#8243; use_background_color_gradient=&#8221;on&#8221; background_color_gradient_start=&#8221;#ff6c6e&#8221; background_color_gradient_end=&#8221;#ff7494&#8243; background_color_gradient_direction=&#8221;90deg&#8221; custom_margin=&#8221;-35px|||||&#8221; custom_padding=&#8221;|||&#8221; custom_padding_phone=&#8221;50px||50px||true&#8221; animation_style=&#8221;zoom&#8221; saved_tabs=&#8221;all&#8221;][et_pb_column type=&#8221;1_2&#8243; specialty_columns=&#8221;2&#8243; _builder_version=&#8221;3.0.47&#8243;][et_pb_row_inner make_equal=&#8221;on&#8221; _builder_version=&#8221;3.6&#8243;][et_pb_column_inner type=&#8221;4_4&#8243; saved_specialty_column_type=&#8221;1_2&#8243; _builder_version=&#8221;3.0.47&#8243;][et_pb_text admin_label=&#8221;Title&#8221; _builder_version=&#8221;3.6&#8243; text_font=&#8221;||||||||&#8221; header_font=&#8221;||||||||&#8221; header_2_font=&#8221;Oswald|300|||||||&#8221; header_2_font_size=&#8221;52px&#8221; header_2_letter_spacing=&#8221;1px&#8221; header_2_line_height=&#8221;1.3em&#8221; header_6_font=&#8221;Lato|700||on|||||&#8221; header_6_line_height=&#8221;1.8em&#8221; background_layout=&#8221;dark&#8221; custom_margin=&#8221;|||&#8221; custom_padding=&#8221;|||&#8221; header_2_font_size_phone=&#8221;36px&#8221; header_2_font_size_last_edited=&#8221;on|phone&#8221; locked=&#8221;off&#8221;]<\/p>\n<h6>cont\u00e1ctanos<\/h6>\n<h2>\u00bfQu\u00e9 es lo que necesitas?..<\/h2>\n<p>&nbsp;<\/p>\n<p>[\/et_pb_text][\/et_pb_column_inner][\/et_pb_row_inner][et_pb_row_inner custom_padding=&#8221;|||&#8221; _builder_version=&#8221;3.6&#8243;][et_pb_column_inner type=&#8221;1_2&#8243; saved_specialty_column_type=&#8221;1_2&#8243; _builder_version=&#8221;3.0.47&#8243;][et_pb_blurb title=&#8221;Email&#8221; use_icon=&#8221;on&#8221; font_icon=&#8221;%%238%%&#8221; icon_color=&#8221;#ffffff&#8221; icon_placement=&#8221;left&#8221; use_icon_font_size=&#8221;on&#8221; icon_font_size=&#8221;16px&#8221; _builder_version=&#8221;3.24.1&#8243; header_font=&#8221;Lato|700||on|||||&#8221; header_font_size=&#8221;22px&#8221; header_line_height=&#8221;1.2em&#8221; body_font=&#8221;Lato||||||||&#8221; body_font_size=&#8221;18px&#8221; background_layout=&#8221;dark&#8221; animation=&#8221;off&#8221; text_shadow_style=&#8221;preset1&#8243;]<\/p>\n<p>deitmexico@hotmail.es<\/p>\n<p>[\/et_pb_blurb][et_pb_blurb title=&#8221;Whats app&#8221; use_icon=&#8221;on&#8221; font_icon=&#8221;%%264%%&#8221; icon_color=&#8221;#ffffff&#8221; icon_placement=&#8221;left&#8221; use_icon_font_size=&#8221;on&#8221; icon_font_size=&#8221;16px&#8221; _builder_version=&#8221;3.24.1&#8243; header_font=&#8221;Lato|700||on|||||&#8221; header_font_size=&#8221;22px&#8221; header_line_height=&#8221;1.2em&#8221; body_font=&#8221;Lato||||||||&#8221; body_font_size=&#8221;18px&#8221; background_layout=&#8221;dark&#8221; animation=&#8221;off&#8221; text_shadow_style=&#8221;preset1&#8243; locked=&#8221;off&#8221;]<\/p>\n<p>5516286084 y 5528911200\u00a0 \u00a0 ofi:\u00a0 41735309<\/p>\n<p>[\/et_pb_blurb][\/et_pb_column_inner][et_pb_column_inner type=&#8221;1_2&#8243; saved_specialty_column_type=&#8221;1_2&#8243; _builder_version=&#8221;3.0.47&#8243;][et_pb_blurb title=&#8221;Direcci\u00f3n&#8221; use_icon=&#8221;on&#8221; font_icon=&#8221;%%249%%&#8221; icon_color=&#8221;#ffffff&#8221; icon_placement=&#8221;left&#8221; use_icon_font_size=&#8221;on&#8221; icon_font_size=&#8221;16px&#8221; _builder_version=&#8221;3.24.1&#8243; header_font=&#8221;Lato|700||on|||||&#8221; header_font_size=&#8221;22px&#8221; header_line_height=&#8221;1.2em&#8221; body_font=&#8221;Lato||||||||&#8221; body_font_size=&#8221;18px&#8221; background_layout=&#8221;dark&#8221; animation=&#8221;off&#8221; text_shadow_style=&#8221;preset1&#8243; locked=&#8221;off&#8221;]<\/p>\n<p>Norte 56 N\u00b0 3815 Col. R\u00edo Blanco, Alcald\u00eda G. A. Madero, CD<strong>MX<\/strong><\/p>\n<p>[\/et_pb_blurb][\/et_pb_column_inner][\/et_pb_row_inner][et_pb_row_inner custom_padding=&#8221;25px|0px|15px|0px|false|false&#8221; _builder_version=&#8221;3.6&#8243; border_width_all=&#8221;1px&#8221; border_color_all=&#8221;rgba(255,255,255,0.2)&#8221; border_width_right=&#8221;0px&#8221; border_width_left=&#8221;0px&#8221; custom_margin=&#8221;30px|||&#8221;][et_pb_column_inner type=&#8221;4_4&#8243; saved_specialty_column_type=&#8221;1_2&#8243; _builder_version=&#8221;3.0.47&#8243;][et_pb_social_media_follow _builder_version=&#8221;3.6&#8243; text_orientation=&#8221;center&#8221; custom_margin=&#8221;|20px|0px|20px|false|true&#8221;][et_pb_social_media_follow_network social_network=&#8221;pinterest&#8221; _builder_version=&#8221;3.6&#8243; custom_margin=&#8221;|20px||20px|false|true&#8221; follow_button=&#8221;off&#8221; url_new_window=&#8221;on&#8221;]pinterest[\/et_pb_social_media_follow_network][et_pb_social_media_follow_network social_network=&#8221;dribbble&#8221; _builder_version=&#8221;3.6&#8243; custom_margin=&#8221;|20px||20px|false|true&#8221; follow_button=&#8221;off&#8221; url_new_window=&#8221;on&#8221;]dribbble[\/et_pb_social_media_follow_network][et_pb_social_media_follow_network social_network=&#8221;instagram&#8221; _builder_version=&#8221;3.6&#8243; custom_margin=&#8221;|20px||20px|false|true&#8221; follow_button=&#8221;off&#8221; url_new_window=&#8221;on&#8221;]instagram[\/et_pb_social_media_follow_network][et_pb_social_media_follow_network social_network=&#8221;flikr&#8221; _builder_version=&#8221;3.6&#8243; custom_margin=&#8221;|20px||20px|false|true&#8221; follow_button=&#8221;off&#8221; url_new_window=&#8221;on&#8221;]flikr[\/et_pb_social_media_follow_network][\/et_pb_social_media_follow][\/et_pb_column_inner][\/et_pb_row_inner][\/et_pb_column][et_pb_column type=&#8221;1_2&#8243; _builder_version=&#8221;3.0.47&#8243;][et_pb_contact_form captcha=&#8221;off&#8221; email=&#8221;deitmexico@hotmail.es&#8221; submit_button_text=&#8221;Enviar&#8221; module_id=&#8221;et_pb_contact_form_0&#8243; _builder_version=&#8221;3.24.1&#8243; form_field_background_color=&#8221;#ffffff&#8221; form_field_text_color=&#8221;rgba(0,0,0,0.3)&#8221; title_font=&#8221;||||||||&#8221; title_font_size=&#8221;26px&#8221; captcha_font=&#8221;||||||||&#8221; form_field_font=&#8221;||||||||&#8221; background_color=&#8221;#ffffff&#8221; border_width_all=&#8221;1px&#8221; border_color_all=&#8221;#e1e1e1&#8243; custom_button=&#8221;on&#8221; button_text_size=&#8221;13px&#8221; button_text_color=&#8221;#ffffff&#8221; button_bg_color=&#8221;#1e1e1e&#8221; button_border_width=&#8221;12px&#8221; button_border_color=&#8221;#1e1e1e&#8221; button_border_radius=&#8221;50px&#8221; button_letter_spacing=&#8221;1px&#8221; button_font=&#8221;Poppins|500||on|||||&#8221; button_icon=&#8221;%%3%%&#8221; box_shadow_style_button=&#8221;preset3&#8243; box_shadow_vertical_button=&#8221;24px&#8221; box_shadow_blur_button=&#8221;48px&#8221; box_shadow_color_button=&#8221;rgba(0,0,0,0.2)&#8221; custom_padding=&#8221;60px|50px|60px|50px|true|true&#8221; animation_style=&#8221;flip&#8221; animation_intensity_flip=&#8221;20%&#8221; text_shadow_style=&#8221;preset4&#8243; form_background_color=&#8221;#ffffff&#8221;][et_pb_contact_field field_id=&#8221;Name&#8221; field_title=&#8221;Nombre&#8221; fullwidth_field=&#8221;on&#8221; _builder_version=&#8221;3.24.1&#8243; border_radii=&#8221;on||||&#8221; box_shadow_style=&#8221;preset3&#8243; custom_margin=&#8221;||20px|&#8221; button_text_size__hover_enabled=&#8221;off&#8221; button_one_text_size__hover_enabled=&#8221;off&#8221; button_two_text_size__hover_enabled=&#8221;off&#8221; button_text_color__hover_enabled=&#8221;off&#8221; button_one_text_color__hover_enabled=&#8221;off&#8221; button_two_text_color__hover_enabled=&#8221;off&#8221; button_border_width__hover_enabled=&#8221;off&#8221; button_one_border_width__hover_enabled=&#8221;off&#8221; button_two_border_width__hover_enabled=&#8221;off&#8221; button_border_color__hover_enabled=&#8221;off&#8221; button_one_border_color__hover_enabled=&#8221;off&#8221; button_two_border_color__hover_enabled=&#8221;off&#8221; button_border_radius__hover_enabled=&#8221;off&#8221; button_one_border_radius__hover_enabled=&#8221;off&#8221; button_two_border_radius__hover_enabled=&#8221;off&#8221; button_letter_spacing__hover_enabled=&#8221;off&#8221; button_one_letter_spacing__hover_enabled=&#8221;off&#8221; button_two_letter_spacing__hover_enabled=&#8221;off&#8221; button_bg_color__hover_enabled=&#8221;off&#8221; button_one_bg_color__hover_enabled=&#8221;off&#8221; button_two_bg_color__hover_enabled=&#8221;off&#8221;][\/et_pb_contact_field][et_pb_contact_field field_id=&#8221;Email&#8221; field_title=&#8221;Correo Electr\u00f3nico&#8221; field_type=&#8221;email&#8221; fullwidth_field=&#8221;on&#8221; _builder_version=&#8221;3.24.1&#8243; border_radii=&#8221;on||||&#8221; box_shadow_style=&#8221;preset3&#8243; custom_margin=&#8221;||20px|&#8221; button_text_size__hover_enabled=&#8221;off&#8221; button_one_text_size__hover_enabled=&#8221;off&#8221; button_two_text_size__hover_enabled=&#8221;off&#8221; button_text_color__hover_enabled=&#8221;off&#8221; button_one_text_color__hover_enabled=&#8221;off&#8221; button_two_text_color__hover_enabled=&#8221;off&#8221; button_border_width__hover_enabled=&#8221;off&#8221; button_one_border_width__hover_enabled=&#8221;off&#8221; button_two_border_width__hover_enabled=&#8221;off&#8221; button_border_color__hover_enabled=&#8221;off&#8221; button_one_border_color__hover_enabled=&#8221;off&#8221; button_two_border_color__hover_enabled=&#8221;off&#8221; button_border_radius__hover_enabled=&#8221;off&#8221; button_one_border_radius__hover_enabled=&#8221;off&#8221; button_two_border_radius__hover_enabled=&#8221;off&#8221; button_letter_spacing__hover_enabled=&#8221;off&#8221; button_one_letter_spacing__hover_enabled=&#8221;off&#8221; button_two_letter_spacing__hover_enabled=&#8221;off&#8221; button_bg_color__hover_enabled=&#8221;off&#8221; button_one_bg_color__hover_enabled=&#8221;off&#8221; button_two_bg_color__hover_enabled=&#8221;off&#8221;][\/et_pb_contact_field][et_pb_contact_field field_id=&#8221;Message&#8221; field_title=&#8221;\u00bfQu\u00e9 necesitas?&#8221; field_type=&#8221;text&#8221; fullwidth_field=&#8221;on&#8221; _builder_version=&#8221;3.24.1&#8243; border_radii=&#8221;on||||&#8221; box_shadow_style=&#8221;preset3&#8243; custom_margin=&#8221;||20px|&#8221; button_text_size__hover_enabled=&#8221;off&#8221; button_one_text_size__hover_enabled=&#8221;off&#8221; button_two_text_size__hover_enabled=&#8221;off&#8221; button_text_color__hover_enabled=&#8221;off&#8221; button_one_text_color__hover_enabled=&#8221;off&#8221; button_two_text_color__hover_enabled=&#8221;off&#8221; button_border_width__hover_enabled=&#8221;off&#8221; button_one_border_width__hover_enabled=&#8221;off&#8221; button_two_border_width__hover_enabled=&#8221;off&#8221; button_border_color__hover_enabled=&#8221;off&#8221; button_one_border_color__hover_enabled=&#8221;off&#8221; button_two_border_color__hover_enabled=&#8221;off&#8221; button_border_radius__hover_enabled=&#8221;off&#8221; button_one_border_radius__hover_enabled=&#8221;off&#8221; button_two_border_radius__hover_enabled=&#8221;off&#8221; button_letter_spacing__hover_enabled=&#8221;off&#8221; button_one_letter_spacing__hover_enabled=&#8221;off&#8221; button_two_letter_spacing__hover_enabled=&#8221;off&#8221; button_bg_color__hover_enabled=&#8221;off&#8221; button_one_bg_color__hover_enabled=&#8221;off&#8221; button_two_bg_color__hover_enabled=&#8221;off&#8221;][\/et_pb_contact_field][\/et_pb_contact_form][\/et_pb_column][\/et_pb_section]<\/p>\n","protected":false},"excerpt":{"rendered":"<p>[et_pb_section fb_built=&#8221;1&#8243; fullwidth=&#8221;on&#8221; _builder_version=&#8221;3.24.1&#8243;][et_pb_fullwidth_image src=&#8221;http:\/\/paginaswebenmexico.net\/wordpress2019\/wp-content\/uploads\/2019\/06\/inicio-07-ok.jpg&#8221; disabled_on=&#8221;on|off|off&#8221; _builder_version=&#8221;3.24.1&#8243; animation_style=&#8221;bounce&#8221;][\/et_pb_fullwidth_image][\/et_pb_section][et_pb_section fb_built=&#8221;1&#8243; fullwidth=&#8221;on&#8221; _builder_version=&#8221;3.24.1&#8243;][et_pb_fullwidth_image src=&#8221;http:\/\/paginaswebenmexico.net\/wordpress2019\/wp-content\/uploads\/2019\/07\/posicionamiento-inicio-cel.jpg&#8221; disabled_on=&#8221;off|on|on&#8221; _builder_version=&#8221;3.24.1&#8243; animation_style=&#8221;roll&#8221;][\/et_pb_fullwidth_image][\/et_pb_section][et_pb_section fb_built=&#8221;1&#8243; fullwidth=&#8221;on&#8221; _builder_version=&#8221;3.24.1&#8243;][et_pb_fullwidth_image src=&#8221;http:\/\/paginaswebenmexico.net\/wordpress2019\/wp-content\/uploads\/2019\/06\/inicio-en-cel-04-ok.jpg&#8221; disabled_on=&#8221;off|on|on&#8221; _builder_version=&#8221;3.24.1&#8243; animation_style=&#8221;bounce&#8221;][\/et_pb_fullwidth_image][\/et_pb_section][et_pb_section fb_built=&#8221;1&#8243; fullwidth=&#8221;on&#8221; _builder_version=&#8221;3.24.1&#8243;][et_pb_fullwidth_header title=&#8221;Podemos posicionar a tu empresa o Negocio en el buscador Google en forma directa!!&#8221; _builder_version=&#8221;3.24.1&#8243; title_font=&#8221;||||||||&#8221; title_text_shadow_style=&#8221;preset1&#8243; content_font=&#8221;||||||||&#8221; content_text_shadow_style=&#8221;preset1&#8243; background_color=&#8221;#8300e9&#8243; use_background_color_gradient=&#8221;on&#8221; background_color_gradient_start=&#8221;#8300e9&#8243; background_color_gradient_end=&#8221;#2e71dd&#8221; animation_style=&#8221;roll&#8221;] Para poder aumentar el n\u00famero de [&hellip;]<\/p>\n","protected":false},"author":1,"featured_media":0,"parent":0,"menu_order":0,"comment_status":"closed","ping_status":"closed","template":"","meta":{"_et_pb_use_builder":"on","_et_pb_old_content":"","footnotes":""},"_links":{"self":[{"href":"https:\/\/paginaswebenmexico.net\/wordpress2019\/wp-json\/wp\/v2\/pages\/891"}],"collection":[{"href":"https:\/\/paginaswebenmexico.net\/wordpress2019\/wp-json\/wp\/v2\/pages"}],"about":[{"href":"https:\/\/paginaswebenmexico.net\/wordpress2019\/wp-json\/wp\/v2\/types\/page"}],"author":[{"embeddable":true,"href":"https:\/\/paginaswebenmexico.net\/wordpress2019\/wp-json\/wp\/v2\/users\/1"}],"replies":[{"embeddable":true,"href":"https:\/\/paginaswebenmexico.net\/wordpress2019\/wp-json\/wp\/v2\/comments?post=891"}],"version-history":[{"count":25,"href":"https:\/\/paginaswebenmexico.net\/wordpress2019\/wp-json\/wp\/v2\/pages\/891\/revisions"}],"predecessor-version":[{"id":5957,"href":"https:\/\/paginaswebenmexico.net\/wordpress2019\/wp-json\/wp\/v2\/pages\/891\/revisions\/5957"}],"wp:attachment":[{"href":"https:\/\/paginaswebenmexico.net\/wordpress2019\/wp-json\/wp\/v2\/media?parent=891"}],"curies":[{"name":"wp","href":"https:\/\/api.w.org\/{rel}","templated":true}]}}