{"id":4950,"date":"2019-07-26T21:37:13","date_gmt":"2019-07-26T21:37:13","guid":{"rendered":"http:\/\/paginaswebenmexico.net\/wordpress2019\/?page_id=4950"},"modified":"2019-07-26T23:01:57","modified_gmt":"2019-07-26T23:01:57","slug":"contactanos","status":"publish","type":"page","link":"https:\/\/paginaswebenmexico.net\/wordpress2019\/contactanos\/","title":{"rendered":"Cont\u00e1ctanos"},"content":{"rendered":"<p>[et_pb_section fb_built=&#8221;1&#8243; fullwidth=&#8221;on&#8221; disabled_on=&#8221;on|off|off&#8221; _builder_version=&#8221;3.24.1&#8243;][et_pb_fullwidth_slider _builder_version=&#8221;3.24.1&#8243; body_font=&#8221;||||||||&#8221;][et_pb_slide heading=&#8221;Cont\u00e1ctanos!! .. con gusto te atenderemos !!&#8221; _builder_version=&#8221;3.24.1&#8243; header_font=&#8221;||||||||&#8221; header_text_color=&#8221;#000000&#8243; header_font_size=&#8221;30px&#8221; header_text_shadow_style=&#8221;preset1&#8243; body_font=&#8221;||||||||&#8221; body_text_color=&#8221;#ffffff&#8221; background_color=&#8221;#ffffff&#8221; background_image=&#8221;http:\/\/paginaswebenmexico.net\/wordpress2019\/wp-content\/uploads\/2019\/07\/contactanos-01.jpg&#8221;]<\/p>\n<h3><span style=\"color: #000000; font-size: x-large;\">Somos tu mejor opci\u00f3n!!<\/span><\/h3>\n<p>[\/et_pb_slide][\/et_pb_fullwidth_slider][\/et_pb_section][et_pb_section fb_built=&#8221;1&#8243; fullwidth=&#8221;on&#8221; disabled_on=&#8221;off|on|on&#8221; _builder_version=&#8221;3.24.1&#8243;][et_pb_fullwidth_image src=&#8221;http:\/\/paginaswebenmexico.net\/wordpress2019\/wp-content\/uploads\/2019\/07\/lamina-13.jpg&#8221; _builder_version=&#8221;3.24.1&#8243; animation_style=&#8221;roll&#8221;][\/et_pb_fullwidth_image][\/et_pb_section][et_pb_section fb_built=&#8221;1&#8243; specialty=&#8221;on&#8221; custom_padding_last_edited=&#8221;off|desktop&#8221; admin_label=&#8221;Footer&#8221; _builder_version=&#8221;3.24.1&#8243; use_background_color_gradient=&#8221;on&#8221; background_color_gradient_start=&#8221;#ff6c6e&#8221; background_color_gradient_end=&#8221;#ff7494&#8243; background_color_gradient_direction=&#8221;90deg&#8221; min_height=&#8221;588px&#8221; custom_margin=&#8221;-36px|||||&#8221; custom_padding=&#8221;3px|||||&#8221; custom_padding_phone=&#8221;50px||50px||true&#8221; animation_style=&#8221;fold&#8221; saved_tabs=&#8221;all&#8221;][et_pb_column type=&#8221;1_2&#8243; specialty_columns=&#8221;2&#8243; _builder_version=&#8221;3.0.47&#8243;][et_pb_row_inner make_equal=&#8221;on&#8221; _builder_version=&#8221;3.6&#8243;][et_pb_column_inner type=&#8221;4_4&#8243; saved_specialty_column_type=&#8221;1_2&#8243; _builder_version=&#8221;3.0.47&#8243;][et_pb_text admin_label=&#8221;Title&#8221; _builder_version=&#8221;3.6&#8243; text_font=&#8221;||||||||&#8221; header_font=&#8221;||||||||&#8221; header_2_font=&#8221;Oswald|300|||||||&#8221; header_2_font_size=&#8221;52px&#8221; header_2_letter_spacing=&#8221;1px&#8221; header_2_line_height=&#8221;1.3em&#8221; header_6_font=&#8221;Lato|700||on|||||&#8221; header_6_line_height=&#8221;1.8em&#8221; background_layout=&#8221;dark&#8221; custom_margin=&#8221;|||&#8221; custom_padding=&#8221;|||&#8221; header_2_font_size_phone=&#8221;36px&#8221; header_2_font_size_last_edited=&#8221;on|phone&#8221; locked=&#8221;off&#8221;]<\/p>\n<h6>cont\u00e1ctanos<\/h6>\n<h2>\u00bfQu\u00e9 es lo que necesitas?..<\/h2>\n<p>&nbsp;<\/p>\n<p>[\/et_pb_text][\/et_pb_column_inner][\/et_pb_row_inner][et_pb_row_inner custom_padding=&#8221;|||&#8221; _builder_version=&#8221;3.6&#8243;][et_pb_column_inner type=&#8221;1_2&#8243; saved_specialty_column_type=&#8221;1_2&#8243; _builder_version=&#8221;3.0.47&#8243;][et_pb_blurb title=&#8221;Email&#8221; use_icon=&#8221;on&#8221; font_icon=&#8221;%%238%%&#8221; icon_color=&#8221;#ffffff&#8221; icon_placement=&#8221;left&#8221; use_icon_font_size=&#8221;on&#8221; icon_font_size=&#8221;16px&#8221; _builder_version=&#8221;3.24.1&#8243; header_font=&#8221;Lato|700||on|||||&#8221; header_font_size=&#8221;22px&#8221; header_line_height=&#8221;1.2em&#8221; body_font=&#8221;Lato||||||||&#8221; body_font_size=&#8221;18px&#8221; background_layout=&#8221;dark&#8221; animation=&#8221;off&#8221; text_shadow_style=&#8221;preset1&#8243;]<\/p>\n<p>deitmexico@hotmail.es<\/p>\n<p>[\/et_pb_blurb][et_pb_blurb title=&#8221;Whats app&#8221; use_icon=&#8221;on&#8221; font_icon=&#8221;%%264%%&#8221; icon_color=&#8221;#ffffff&#8221; icon_placement=&#8221;left&#8221; use_icon_font_size=&#8221;on&#8221; icon_font_size=&#8221;16px&#8221; _builder_version=&#8221;3.24.1&#8243; header_font=&#8221;Lato|700||on|||||&#8221; header_font_size=&#8221;22px&#8221; header_line_height=&#8221;1.2em&#8221; body_font=&#8221;Lato||||||||&#8221; body_font_size=&#8221;18px&#8221; background_layout=&#8221;dark&#8221; animation=&#8221;off&#8221; text_shadow_style=&#8221;preset1&#8243; locked=&#8221;off&#8221;]<\/p>\n<p>5516286084 y 5528911200\u00a0 \u00a0 ofi:\u00a0 41735309<\/p>\n<p>[\/et_pb_blurb][\/et_pb_column_inner][et_pb_column_inner type=&#8221;1_2&#8243; saved_specialty_column_type=&#8221;1_2&#8243; _builder_version=&#8221;3.0.47&#8243;][et_pb_blurb title=&#8221;Direcci\u00f3n&#8221; use_icon=&#8221;on&#8221; font_icon=&#8221;%%249%%&#8221; icon_color=&#8221;#ffffff&#8221; icon_placement=&#8221;left&#8221; use_icon_font_size=&#8221;on&#8221; icon_font_size=&#8221;16px&#8221; _builder_version=&#8221;3.24.1&#8243; header_font=&#8221;Lato|700||on|||||&#8221; header_font_size=&#8221;22px&#8221; header_line_height=&#8221;1.2em&#8221; body_font=&#8221;Lato||||||||&#8221; body_font_size=&#8221;18px&#8221; background_layout=&#8221;dark&#8221; animation=&#8221;off&#8221; text_shadow_style=&#8221;preset1&#8243; locked=&#8221;off&#8221;]<\/p>\n<p>Norte 56 N\u00b0 3815 Col. R\u00edo Blanco, Alcald\u00eda G. A. Madero, CD<strong>MX<\/strong><\/p>\n<p>[\/et_pb_blurb][\/et_pb_column_inner][\/et_pb_row_inner][et_pb_row_inner custom_padding=&#8221;25px|0px|15px|0px|false|false&#8221; _builder_version=&#8221;3.6&#8243; border_width_all=&#8221;1px&#8221; border_color_all=&#8221;rgba(255,255,255,0.2)&#8221; border_width_right=&#8221;0px&#8221; border_width_left=&#8221;0px&#8221; custom_margin=&#8221;30px|||&#8221;][et_pb_column_inner type=&#8221;4_4&#8243; saved_specialty_column_type=&#8221;1_2&#8243; _builder_version=&#8221;3.0.47&#8243;][et_pb_social_media_follow _builder_version=&#8221;3.6&#8243; text_orientation=&#8221;center&#8221; custom_margin=&#8221;|20px|0px|20px|false|true&#8221;][et_pb_social_media_follow_network social_network=&#8221;pinterest&#8221; _builder_version=&#8221;3.6&#8243; custom_margin=&#8221;|20px||20px|false|true&#8221; follow_button=&#8221;off&#8221; url_new_window=&#8221;on&#8221;]pinterest[\/et_pb_social_media_follow_network][et_pb_social_media_follow_network social_network=&#8221;dribbble&#8221; _builder_version=&#8221;3.6&#8243; custom_margin=&#8221;|20px||20px|false|true&#8221; follow_button=&#8221;off&#8221; url_new_window=&#8221;on&#8221;]dribbble[\/et_pb_social_media_follow_network][et_pb_social_media_follow_network social_network=&#8221;instagram&#8221; _builder_version=&#8221;3.6&#8243; custom_margin=&#8221;|20px||20px|false|true&#8221; follow_button=&#8221;off&#8221; url_new_window=&#8221;on&#8221;]instagram[\/et_pb_social_media_follow_network][et_pb_social_media_follow_network social_network=&#8221;flikr&#8221; _builder_version=&#8221;3.6&#8243; custom_margin=&#8221;|20px||20px|false|true&#8221; follow_button=&#8221;off&#8221; url_new_window=&#8221;on&#8221;]flikr[\/et_pb_social_media_follow_network][\/et_pb_social_media_follow][\/et_pb_column_inner][\/et_pb_row_inner][\/et_pb_column][et_pb_column type=&#8221;1_2&#8243; _builder_version=&#8221;3.0.47&#8243;][et_pb_contact_form captcha=&#8221;off&#8221; email=&#8221;deitmexico@hotmail.es&#8221; submit_button_text=&#8221;Enviar&#8221; module_id=&#8221;et_pb_contact_form_0&#8243; _builder_version=&#8221;3.24.1&#8243; form_field_background_color=&#8221;#ffffff&#8221; form_field_text_color=&#8221;rgba(0,0,0,0.3)&#8221; title_font=&#8221;||||||||&#8221; title_font_size=&#8221;26px&#8221; captcha_font=&#8221;||||||||&#8221; form_field_font=&#8221;||||||||&#8221; background_color=&#8221;#ffffff&#8221; border_width_all=&#8221;1px&#8221; border_color_all=&#8221;#e1e1e1&#8243; custom_button=&#8221;on&#8221; button_text_size=&#8221;13px&#8221; button_text_color=&#8221;#ffffff&#8221; button_bg_color=&#8221;#1e1e1e&#8221; button_border_width=&#8221;12px&#8221; button_border_color=&#8221;#1e1e1e&#8221; button_border_radius=&#8221;50px&#8221; button_letter_spacing=&#8221;1px&#8221; button_font=&#8221;Poppins|500||on|||||&#8221; button_icon=&#8221;%%3%%&#8221; box_shadow_style_button=&#8221;preset3&#8243; box_shadow_vertical_button=&#8221;24px&#8221; box_shadow_blur_button=&#8221;48px&#8221; box_shadow_color_button=&#8221;rgba(0,0,0,0.2)&#8221; custom_padding=&#8221;60px|50px|60px|50px|true|true&#8221; animation_style=&#8221;flip&#8221; animation_intensity_flip=&#8221;20%&#8221; text_shadow_style=&#8221;preset4&#8243; form_background_color=&#8221;#ffffff&#8221;][et_pb_contact_field field_id=&#8221;Name&#8221; field_title=&#8221;Nombre&#8221; fullwidth_field=&#8221;on&#8221; _builder_version=&#8221;3.24.1&#8243; border_radii=&#8221;on||||&#8221; box_shadow_style=&#8221;preset3&#8243; custom_margin=&#8221;||20px|&#8221; button_text_size__hover_enabled=&#8221;off&#8221; button_one_text_size__hover_enabled=&#8221;off&#8221; button_two_text_size__hover_enabled=&#8221;off&#8221; button_text_color__hover_enabled=&#8221;off&#8221; button_one_text_color__hover_enabled=&#8221;off&#8221; button_two_text_color__hover_enabled=&#8221;off&#8221; button_border_width__hover_enabled=&#8221;off&#8221; button_one_border_width__hover_enabled=&#8221;off&#8221; button_two_border_width__hover_enabled=&#8221;off&#8221; button_border_color__hover_enabled=&#8221;off&#8221; button_one_border_color__hover_enabled=&#8221;off&#8221; button_two_border_color__hover_enabled=&#8221;off&#8221; button_border_radius__hover_enabled=&#8221;off&#8221; button_one_border_radius__hover_enabled=&#8221;off&#8221; button_two_border_radius__hover_enabled=&#8221;off&#8221; button_letter_spacing__hover_enabled=&#8221;off&#8221; button_one_letter_spacing__hover_enabled=&#8221;off&#8221; button_two_letter_spacing__hover_enabled=&#8221;off&#8221; button_bg_color__hover_enabled=&#8221;off&#8221; button_one_bg_color__hover_enabled=&#8221;off&#8221; button_two_bg_color__hover_enabled=&#8221;off&#8221;][\/et_pb_contact_field][et_pb_contact_field field_id=&#8221;Email&#8221; field_title=&#8221;Correo Electr\u00f3nico&#8221; field_type=&#8221;email&#8221; fullwidth_field=&#8221;on&#8221; _builder_version=&#8221;3.24.1&#8243; border_radii=&#8221;on||||&#8221; box_shadow_style=&#8221;preset3&#8243; custom_margin=&#8221;||20px|&#8221; button_text_size__hover_enabled=&#8221;off&#8221; button_one_text_size__hover_enabled=&#8221;off&#8221; button_two_text_size__hover_enabled=&#8221;off&#8221; button_text_color__hover_enabled=&#8221;off&#8221; button_one_text_color__hover_enabled=&#8221;off&#8221; button_two_text_color__hover_enabled=&#8221;off&#8221; button_border_width__hover_enabled=&#8221;off&#8221; button_one_border_width__hover_enabled=&#8221;off&#8221; button_two_border_width__hover_enabled=&#8221;off&#8221; button_border_color__hover_enabled=&#8221;off&#8221; button_one_border_color__hover_enabled=&#8221;off&#8221; button_two_border_color__hover_enabled=&#8221;off&#8221; button_border_radius__hover_enabled=&#8221;off&#8221; button_one_border_radius__hover_enabled=&#8221;off&#8221; button_two_border_radius__hover_enabled=&#8221;off&#8221; button_letter_spacing__hover_enabled=&#8221;off&#8221; button_one_letter_spacing__hover_enabled=&#8221;off&#8221; button_two_letter_spacing__hover_enabled=&#8221;off&#8221; button_bg_color__hover_enabled=&#8221;off&#8221; button_one_bg_color__hover_enabled=&#8221;off&#8221; button_two_bg_color__hover_enabled=&#8221;off&#8221;][\/et_pb_contact_field][et_pb_contact_field field_id=&#8221;Message&#8221; field_title=&#8221;\u00bfQu\u00e9 necesitas?&#8221; field_type=&#8221;text&#8221; fullwidth_field=&#8221;on&#8221; _builder_version=&#8221;3.24.1&#8243; border_radii=&#8221;on||||&#8221; box_shadow_style=&#8221;preset3&#8243; custom_margin=&#8221;||20px|&#8221; button_text_size__hover_enabled=&#8221;off&#8221; button_one_text_size__hover_enabled=&#8221;off&#8221; button_two_text_size__hover_enabled=&#8221;off&#8221; button_text_color__hover_enabled=&#8221;off&#8221; button_one_text_color__hover_enabled=&#8221;off&#8221; button_two_text_color__hover_enabled=&#8221;off&#8221; button_border_width__hover_enabled=&#8221;off&#8221; button_one_border_width__hover_enabled=&#8221;off&#8221; button_two_border_width__hover_enabled=&#8221;off&#8221; button_border_color__hover_enabled=&#8221;off&#8221; button_one_border_color__hover_enabled=&#8221;off&#8221; button_two_border_color__hover_enabled=&#8221;off&#8221; button_border_radius__hover_enabled=&#8221;off&#8221; button_one_border_radius__hover_enabled=&#8221;off&#8221; button_two_border_radius__hover_enabled=&#8221;off&#8221; button_letter_spacing__hover_enabled=&#8221;off&#8221; button_one_letter_spacing__hover_enabled=&#8221;off&#8221; button_two_letter_spacing__hover_enabled=&#8221;off&#8221; button_bg_color__hover_enabled=&#8221;off&#8221; button_one_bg_color__hover_enabled=&#8221;off&#8221; button_two_bg_color__hover_enabled=&#8221;off&#8221;][\/et_pb_contact_field][\/et_pb_contact_form][\/et_pb_column][\/et_pb_section][et_pb_section fb_built=&#8221;1&#8243; fullwidth=&#8221;on&#8221; _builder_version=&#8221;3.24.1&#8243;][et_pb_fullwidth_map _builder_version=&#8221;3.24.1&#8243; address=&#8221;Nte. 56 3815, Emiliano Zapata, 07889 Emiliano Zapata, CDMX, M\u00e9xico&#8221; address_lat=&#8221;19.4623454&#8243; address_lng=&#8221;-99.1159041&#8243;][et_pb_map_pin _builder_version=&#8221;3.24.1&#8243; pin_address=&#8221;Nte. 56 3815, Emiliano Zapata, 07889 Emiliano Zapata, CDMX, M\u00e9xico&#8221; pin_address_lat=&#8221;19.4623454&#8243; pin_address_lng=&#8221;-99.1159041&#8243; title=&#8221;P\u00e1ginas Web en M\u00e9xico DEIT&#8221;]<\/p>\n<p>Publicidad <strong>Web<\/strong>, Publicidad <strong>Impresa<\/strong>, Dise\u00f1o de <strong>Cajas<\/strong> y <strong>empaque<\/strong>, Dise\u00f1o de <strong>nuevos<\/strong> <strong>productos<\/strong> y <strong>Armado de Compus<\/strong> y <strong>Programaci\u00f3n<\/strong> para <strong>Empresas y Negocios<\/strong>.\u00a0 \u00a0 <span style=\"color: #ff00ff;\"><strong>5516286084\u00a0<\/strong> <\/span>y\u00a0 <span style=\"color: #ff00ff;\"><strong>5528911200\u00a0 \u00a0<\/strong> <\/span>ofi:\u00a0 <span style=\"color: #ff00ff;\"><strong>41735309<\/strong><\/span><\/p>\n<p>[\/et_pb_map_pin][\/et_pb_fullwidth_map][\/et_pb_section]<\/p>\n","protected":false},"excerpt":{"rendered":"<p>[et_pb_section fb_built=&#8221;1&#8243; fullwidth=&#8221;on&#8221; disabled_on=&#8221;on|off|off&#8221; _builder_version=&#8221;3.24.1&#8243;][et_pb_fullwidth_slider _builder_version=&#8221;3.24.1&#8243; body_font=&#8221;||||||||&#8221;][et_pb_slide heading=&#8221;Cont\u00e1ctanos!! .. con gusto te atenderemos !!&#8221; _builder_version=&#8221;3.24.1&#8243; header_font=&#8221;||||||||&#8221; header_text_color=&#8221;#000000&#8243; header_font_size=&#8221;30px&#8221; header_text_shadow_style=&#8221;preset1&#8243; body_font=&#8221;||||||||&#8221; body_text_color=&#8221;#ffffff&#8221; background_color=&#8221;#ffffff&#8221; background_image=&#8221;http:\/\/paginaswebenmexico.net\/wordpress2019\/wp-content\/uploads\/2019\/07\/contactanos-01.jpg&#8221;] Somos tu mejor opci\u00f3n!! [\/et_pb_slide][\/et_pb_fullwidth_slider][\/et_pb_section][et_pb_section fb_built=&#8221;1&#8243; fullwidth=&#8221;on&#8221; disabled_on=&#8221;off|on|on&#8221; _builder_version=&#8221;3.24.1&#8243;][et_pb_fullwidth_image src=&#8221;http:\/\/paginaswebenmexico.net\/wordpress2019\/wp-content\/uploads\/2019\/07\/lamina-13.jpg&#8221; _builder_version=&#8221;3.24.1&#8243; animation_style=&#8221;roll&#8221;][\/et_pb_fullwidth_image][\/et_pb_section][et_pb_section fb_built=&#8221;1&#8243; specialty=&#8221;on&#8221; custom_padding_last_edited=&#8221;off|desktop&#8221; admin_label=&#8221;Footer&#8221; _builder_version=&#8221;3.24.1&#8243; use_background_color_gradient=&#8221;on&#8221; background_color_gradient_start=&#8221;#ff6c6e&#8221; background_color_gradient_end=&#8221;#ff7494&#8243; background_color_gradient_direction=&#8221;90deg&#8221; min_height=&#8221;588px&#8221; custom_margin=&#8221;-36px|||||&#8221; custom_padding=&#8221;3px|||||&#8221; custom_padding_phone=&#8221;50px||50px||true&#8221; animation_style=&#8221;fold&#8221; saved_tabs=&#8221;all&#8221;][et_pb_column type=&#8221;1_2&#8243; specialty_columns=&#8221;2&#8243; _builder_version=&#8221;3.0.47&#8243;][et_pb_row_inner make_equal=&#8221;on&#8221; _builder_version=&#8221;3.6&#8243;][et_pb_column_inner [&hellip;]<\/p>\n","protected":false},"author":1,"featured_media":0,"parent":0,"menu_order":0,"comment_status":"closed","ping_status":"closed","template":"","meta":{"_et_pb_use_builder":"on","_et_pb_old_content":"","footnotes":""},"_links":{"self":[{"href":"https:\/\/paginaswebenmexico.net\/wordpress2019\/wp-json\/wp\/v2\/pages\/4950"}],"collection":[{"href":"https:\/\/paginaswebenmexico.net\/wordpress2019\/wp-json\/wp\/v2\/pages"}],"about":[{"href":"https:\/\/paginaswebenmexico.net\/wordpress2019\/wp-json\/wp\/v2\/types\/page"}],"author":[{"embeddable":true,"href":"https:\/\/paginaswebenmexico.net\/wordpress2019\/wp-json\/wp\/v2\/users\/1"}],"replies":[{"embeddable":true,"href":"https:\/\/paginaswebenmexico.net\/wordpress2019\/wp-json\/wp\/v2\/comments?post=4950"}],"version-history":[{"count":15,"href":"https:\/\/paginaswebenmexico.net\/wordpress2019\/wp-json\/wp\/v2\/pages\/4950\/revisions"}],"predecessor-version":[{"id":4977,"href":"https:\/\/paginaswebenmexico.net\/wordpress2019\/wp-json\/wp\/v2\/pages\/4950\/revisions\/4977"}],"wp:attachment":[{"href":"https:\/\/paginaswebenmexico.net\/wordpress2019\/wp-json\/wp\/v2\/media?parent=4950"}],"curies":[{"name":"wp","href":"https:\/\/api.w.org\/{rel}","templated":true}]}}