{"id":2129,"date":"2019-06-26T18:55:55","date_gmt":"2019-06-26T18:55:55","guid":{"rendered":"http:\/\/paginaswebenmexico.net\/wordpress2019\/?page_id=2129"},"modified":"2022-05-27T17:48:42","modified_gmt":"2022-05-27T17:48:42","slug":"cajas-pre-impresas","status":"publish","type":"page","link":"https:\/\/paginaswebenmexico.net\/wordpress2019\/cajas-pre-impresas\/","title":{"rendered":"Cajas Pre-Impresas"},"content":{"rendered":"<p>[et_pb_section fb_built=&#8221;1&#8243; fullwidth=&#8221;on&#8221; _builder_version=&#8221;3.24.1&#8243;][et_pb_fullwidth_image src=&#8221;http:\/\/paginaswebenmexico.net\/wordpress2019\/wp-content\/uploads\/2022\/05\/PORTADA-p-CAJAS-PRE-IMPRESA.jpg&#8221; disabled_on=&#8221;on|off|off&#8221; _builder_version=&#8221;3.24.1&#8243; box_shadow_style=&#8221;preset3&#8243; animation_style=&#8221;bounce&#8221;][\/et_pb_fullwidth_image][\/et_pb_section][et_pb_section fb_built=&#8221;1&#8243; fullwidth=&#8221;on&#8221; _builder_version=&#8221;3.24.1&#8243;][et_pb_fullwidth_image src=&#8221;http:\/\/paginaswebenmexico.net\/wordpress2019\/wp-content\/uploads\/2019\/07\/cajas-pre-impr-inicio-cel.jpg&#8221; disabled_on=&#8221;off|on|on&#8221; _builder_version=&#8221;3.24.1&#8243; animation_style=&#8221;roll&#8221;][\/et_pb_fullwidth_image][\/et_pb_section][et_pb_section fb_built=&#8221;1&#8243; fullwidth=&#8221;on&#8221; _builder_version=&#8221;3.24.1&#8243; box_shadow_style=&#8221;preset3&#8243; animation_style=&#8221;roll&#8221;][et_pb_fullwidth_header title=&#8221;Dise\u00f1o y Fabricaci\u00f3n de Cajas Pre-impresas para tus productos&#8221; _builder_version=&#8221;3.24.1&#8243; title_font=&#8221;||||||||&#8221; title_text_align=&#8221;center&#8221; title_font_size=&#8221;36px&#8221; title_text_shadow_style=&#8221;preset1&#8243; content_font=&#8221;||||||||&#8221; content_text_align=&#8221;center&#8221; content_font_size=&#8221;20px&#8221; content_text_shadow_style=&#8221;preset1&#8243; background_color=&#8221;#e02b20&#8243;]<\/p>\n<p>&nbsp;<\/p>\n<p><span style=\"font-size: 20px;\"><em>Cajas y empaques<\/em><span>\u00a0a la medida de tus productos.\u00a0<\/span><\/span><\/p>\n<p><span style=\"font-size: 20px;\">Aqu\u00ed tienes unas muestras de Cajas Pre-impresas que hemos fabricado<\/span><\/p>\n<p>[\/et_pb_fullwidth_header][\/et_pb_section][et_pb_section fb_built=&#8221;1&#8243; _builder_version=&#8221;3.24.1&#8243; box_shadow_style=&#8221;preset3&#8243; animation_style=&#8221;bounce&#8221;][et_pb_row use_custom_gutter=&#8221;on&#8221; gutter_width=&#8221;1&#8243; _builder_version=&#8221;3.24.1&#8243; box_shadow_style=&#8221;preset3&#8243; width=&#8221;95%&#8221; max_width=&#8221;1400px&#8221;][et_pb_column type=&#8221;4_4&#8243; _builder_version=&#8221;3.24.1&#8243;][et_pb_gallery gallery_ids=&#8221;2958,2959,2960,2961&#8243; _builder_version=&#8221;3.24.1&#8243;][\/et_pb_gallery][\/et_pb_column][\/et_pb_row][\/et_pb_section][et_pb_section fb_built=&#8221;1&#8243; _builder_version=&#8221;3.24.1&#8243; box_shadow_style=&#8221;preset3&#8243; animation_style=&#8221;bounce&#8221;][et_pb_row use_custom_gutter=&#8221;on&#8221; gutter_width=&#8221;1&#8243; _builder_version=&#8221;3.24.1&#8243; box_shadow_style=&#8221;preset3&#8243; width=&#8221;95%&#8221; max_width=&#8221;1400px&#8221;][et_pb_column type=&#8221;4_4&#8243; _builder_version=&#8221;3.24.1&#8243;][et_pb_gallery gallery_ids=&#8221;2962,2963,2964,2965&#8243; _builder_version=&#8221;3.24.1&#8243;][\/et_pb_gallery][\/et_pb_column][\/et_pb_row][\/et_pb_section][et_pb_section fb_built=&#8221;1&#8243; _builder_version=&#8221;3.24.1&#8243; box_shadow_style=&#8221;preset3&#8243; animation_style=&#8221;bounce&#8221;][et_pb_row use_custom_gutter=&#8221;on&#8221; gutter_width=&#8221;1&#8243; _builder_version=&#8221;3.24.1&#8243; box_shadow_style=&#8221;preset3&#8243; width=&#8221;95%&#8221; max_width=&#8221;1400px&#8221;][et_pb_column type=&#8221;4_4&#8243; _builder_version=&#8221;3.24.1&#8243;][et_pb_gallery gallery_ids=&#8221;2967,2968,2969,2970&#8243; _builder_version=&#8221;3.24.1&#8243;][\/et_pb_gallery][\/et_pb_column][\/et_pb_row][\/et_pb_section][et_pb_section fb_built=&#8221;1&#8243; fullwidth=&#8221;on&#8221; _builder_version=&#8221;3.24.1&#8243; box_shadow_style=&#8221;preset3&#8243; animation_style=&#8221;roll&#8221;][et_pb_fullwidth_header title=&#8221;Ventajas de dise\u00f1ar especialmente tus cajas..&#8221; _builder_version=&#8221;3.24.1&#8243; title_font=&#8221;||||||||&#8221; title_text_align=&#8221;center&#8221; title_text_color=&#8221;#000000&#8243; title_font_size=&#8221;36px&#8221; title_text_shadow_style=&#8221;preset1&#8243; content_font=&#8221;||||||||&#8221; content_text_align=&#8221;center&#8221; content_text_color=&#8221;#000000&#8243; content_font_size=&#8221;20px&#8221; content_text_shadow_style=&#8221;preset1&#8243; background_color=&#8221;#ffffff&#8221; custom_padding=&#8221;24px||18px|||&#8221;][\/et_pb_fullwidth_header][\/et_pb_section][et_pb_section fb_built=&#8221;1&#8243; _builder_version=&#8221;3.24.1&#8243; box_shadow_style=&#8221;preset1&#8243; custom_margin=&#8221;-4px|||||&#8221; custom_padding=&#8221;||6px|||&#8221;][et_pb_row _builder_version=&#8221;3.24.1&#8243;][et_pb_column type=&#8221;1_3&#8243; _builder_version=&#8221;3.24.1&#8243;][et_pb_image src=&#8221;http:\/\/paginaswebenmexico.net\/wordpress2019\/wp-content\/uploads\/2019\/06\/servicio_completoA_ventajas.jpg&#8221; _builder_version=&#8221;3.24.1&#8243; box_shadow_style=&#8221;preset6&#8243;][\/et_pb_image][et_pb_text _builder_version=&#8221;3.24.1&#8243;]<\/p>\n<p><span style=\"font-size: medium;\"><strong>1. Permite<\/strong> a los consumidores <strong>ver el producto antes de comprarlo<\/strong> (Si tiene imagen impresa la caja o tiene &#8220;ventana con acetato&#8221;)<\/span><\/p>\n<p>[\/et_pb_text][\/et_pb_column][et_pb_column type=&#8221;1_3&#8243; _builder_version=&#8221;3.24.1&#8243;][et_pb_text _builder_version=&#8221;3.24.1&#8243;]<\/p>\n<p><span style=\"font-size: medium;\"><strong>2. Ver el producto<\/strong> (con impresi\u00f3n del producto o &#8220;ventanita&#8221;) <strong>antes de pagar<\/strong> por \u00e9l <strong>da m\u00e1s confianza al consumidor m\u00e1s seguridad<\/strong> sobre la calidad del contenido<\/span><\/p>\n<p><span style=\"font-size: medium;\">3. Este tipo de empaques tambi\u00e9n <\/span><strong style=\"font-size: medium;\">permite a los consumidores y al personal del punto de venta identificar f\u00e1cilmente los productos<\/strong><\/p>\n<p><span style=\"font-size: medium;\"><strong>4. Se pueden fabricar a medida<\/strong> seg\u00fan los gustos y necesidades del producto.<\/span><\/p>\n<p><span style=\"font-size: medium;\"><span style=\"font-size: medium;\">5. Las fabricamos en <strong>cartulina, cart\u00f3n corrugado o s\u00f3lido<\/strong><\/span><\/span><\/p>\n<p><span><strong>6. &#8220;De la vista nace el amor&#8221;<\/strong> .. porque <strong>tambi\u00e9n aumentan Ventas<\/strong><\/span><\/p>\n<p>&nbsp;<\/p>\n<p>[\/et_pb_text][\/et_pb_column][et_pb_column type=&#8221;1_3&#8243; _builder_version=&#8221;3.24.1&#8243;][et_pb_image src=&#8221;http:\/\/paginaswebenmexico.net\/wordpress2019\/wp-content\/uploads\/2022\/05\/ICONO-CAJAS-01-A.jpg&#8221; _builder_version=&#8221;3.24.1&#8243; animation_style=&#8221;roll&#8221;][\/et_pb_image][et_pb_text _builder_version=&#8221;3.24.1&#8243;]<\/p>\n<p><span style=\"font-size: medium;\">7. Puedes <strong>meter tus Redes Sociales,<\/strong><strong>Mapa<\/strong> de Ubicaci\u00f3n,<strong>\u00a0tu P\u00e1gina Web .. etc.<\/strong><\/span><\/p>\n<p><span style=\"font-size: medium;\">8. .. y lo <strong>m\u00e1s importante<\/strong> .. <strong>TAMBI\u00c9N\u00a0<\/strong><strong>SON TUS VENDEDORES LAS 24 HORAS DEL D\u00cdA Y &#8230; TODOS LOS D\u00cdAS!!<\/strong><\/span><\/p>\n<p>[\/et_pb_text][\/et_pb_column][\/et_pb_row][\/et_pb_section][et_pb_section fb_built=&#8221;1&#8243; fullwidth=&#8221;on&#8221; _builder_version=&#8221;3.24.1&#8243;][et_pb_fullwidth_image src=&#8221;http:\/\/paginaswebenmexico.net\/wordpress2019\/wp-content\/uploads\/2019\/06\/boton-cajas-pre-impresas-2.jpg&#8221; disabled_on=&#8221;off|on|on&#8221; _builder_version=&#8221;3.24.1&#8243; animation_style=&#8221;roll&#8221;][\/et_pb_fullwidth_image][\/et_pb_section][et_pb_section fb_built=&#8221;1&#8243; fullwidth=&#8221;on&#8221; _builder_version=&#8221;3.24.1&#8243; box_shadow_style=&#8221;preset6&#8243; animation_style=&#8221;roll&#8221;][et_pb_fullwidth_header title=&#8221;&#8230; escr\u00edbenos aqu\u00ed en el Whats App DIRECTO (de abajo) que proyecto tienes en mente y con gusto te apoyamos!!&#8221; _builder_version=&#8221;3.24.1&#8243; title_font=&#8221;||||||||&#8221; title_text_align=&#8221;center&#8221; title_text_color=&#8221;#8300e9&#8243; title_font_size=&#8221;36px&#8221; title_text_shadow_style=&#8221;preset1&#8243; content_font=&#8221;||||||||&#8221; content_text_align=&#8221;center&#8221; content_text_color=&#8221;#000000&#8243; content_font_size=&#8221;20px&#8221; content_text_shadow_style=&#8221;preset1&#8243; background_color=&#8221;#ffffff&#8221; custom_padding=&#8221;24px||18px|||&#8221;][\/et_pb_fullwidth_header][\/et_pb_section][et_pb_section fb_built=&#8221;1&#8243; _builder_version=&#8221;3.24.1&#8243; box_shadow_style=&#8221;preset3&#8243;][et_pb_row _builder_version=&#8221;3.24.1&#8243;][et_pb_column type=&#8221;1_2&#8243; _builder_version=&#8221;3.24.1&#8243;][et_pb_text _builder_version=&#8221;3.24.1&#8243; text_font=&#8221;||||||||&#8221; text_font_size=&#8221;22px&#8221; animation_style=&#8221;roll&#8221;]<\/p>\n<div id=\"text720faeek\" class=\"aut abs\">\n<div id=\"text542nuryv\" class=\"aut abs\">\n<p><span style=\"color: #8300e9;\"><b>Dinos qu\u00e9 tipo de caja necesitas\u00a0<\/b>y.<b>.. listo!!<\/b><\/span><\/p>\n<\/div>\n<\/div>\n<p>[\/et_pb_text][et_pb_text _builder_version=&#8221;3.24.1&#8243; text_font=&#8221;||||||||&#8221; text_font_size=&#8221;22px&#8221; animation_style=&#8221;roll&#8221;]<\/p>\n<div id=\"text720faeek\" class=\"aut abs\">\n<div class=\"et_pb_module et_pb_text et_pb_text_4 et_pb_bg_layout_light  et_pb_text_align_left et_had_animation\">\n<div class=\"et_pb_text_inner\">\n<div id=\"text720faeek\" class=\"aut abs\">\n<p><span><b>Escribe aqu\u00ed<\/b>\u00a0\u00bf<b>Cuantas cajas<\/b>\u00a0necesitas? (recuerda que el m\u00ednimo para que te convenga en precios muy bajos\u2026 son 1 millar\u2026 \u00bfok?), \u00bfDe que\u00a0<b>tama\u00f1o<\/b>\u00a0(alto, ancho y profundidad) y a\u00a0<b>cuantas tintas quieres<\/b>\u00a0en tus cajas\u00a0<b>e inmediatamente te responderemos con soluciones y precios!!<\/b><\/span><\/p>\n<\/div>\n<\/div>\n<\/div>\n<div class=\"et_pb_module et_pb_text et_pb_text_5 et_pb_bg_layout_light  et_pb_text_align_left et_had_animation\">\n<div class=\"et_pb_text_inner\">\n<div id=\"text720faeek\" class=\"aut abs\"><\/div>\n<\/div>\n<\/div>\n<\/div>\n<p>[\/et_pb_text][et_pb_text _builder_version=&#8221;3.24.1&#8243; text_font=&#8221;||||||||&#8221; text_text_color=&#8221;#8300e9&#8243; text_font_size=&#8221;30px&#8221; text_text_shadow_style=&#8221;preset1&#8243; animation_style=&#8221;roll&#8221;]<\/p>\n<div id=\"text720faeek\" class=\"aut abs\">\n<p><span><b>\u00bfQu\u00e9 tal?&#8230; \u00bfexcelente no?<\/b><\/span><\/p>\n<\/div>\n<p>[\/et_pb_text][et_pb_image src=&#8221;http:\/\/paginaswebenmexico.net\/wordpress2019\/wp-content\/uploads\/2019\/07\/haz-tu-pedido-ahora.jpg&#8221; _builder_version=&#8221;3.24.1&#8243;][\/et_pb_image][\/et_pb_column][et_pb_column type=&#8221;1_2&#8243; _builder_version=&#8221;3.24.1&#8243;][et_pb_image src=&#8221;http:\/\/paginaswebenmexico.net\/wordpress2019\/wp-content\/uploads\/2019\/07\/whatsappeanos-ya.jpg&#8221; _builder_version=&#8221;3.24.1&#8243;][\/et_pb_image][\/et_pb_column][\/et_pb_row][\/et_pb_section][et_pb_section fb_built=&#8221;1&#8243; fullwidth=&#8221;on&#8221; _builder_version=&#8221;3.24.1&#8243; background_color=&#8221;rgba(0,0,0,0)&#8221; animation_style=&#8221;roll&#8221;][et_pb_fullwidth_header title=&#8221;Whats App&#8221; subhead=&#8221;5516286084 \u00f3 a la ofi: 5541735309&#8243; _builder_version=&#8221;3.24.1&#8243; title_font=&#8221;||||||||&#8221; title_text_color=&#8221;#000000&#8243; title_font_size=&#8221;51px&#8221; title_text_shadow_style=&#8221;preset1&#8243; content_font=&#8221;||||||||&#8221; content_text_color=&#8221;#000000&#8243; content_font_size=&#8221;20px&#8221; subhead_font=&#8221;||||||||&#8221; subhead_text_color=&#8221;#000000&#8243; subhead_font_size=&#8221;23px&#8221; background_color=&#8221;rgba(0,0,0,0)&#8221; animation_style=&#8221;fade&#8221;]<\/p>\n<div class=\"et_pb_header_content_wrapper\">\n<p><span style=\"color: #b2b2b2;\"><\/span><\/p>\n<p><span style=\"color: #b2b2b2;\">\u00a0<\/span><\/p>\n<p><span style=\"color: #757575;\">.. y de inmediato y con mucho gusto\u00a0<strong>..\u00a0 \u00a0 \u00a0 \u00a0<span style=\"color: #0e5fed;\">.. te atenderemos !!\u00a0 \u00a0 \u00a0 \u00a0=)<\/span><\/strong><\/span><\/p>\n<\/div>\n<p>[\/et_pb_fullwidth_header][\/et_pb_section][et_pb_section fb_built=&#8221;1&#8243; fullwidth=&#8221;on&#8221; disabled_on=&#8221;off|on|on&#8221; _builder_version=&#8221;3.24.1&#8243;][et_pb_fullwidth_image src=&#8221;http:\/\/paginaswebenmexico.net\/wordpress2019\/wp-content\/uploads\/2019\/07\/lamina-13.jpg&#8221; _builder_version=&#8221;3.24.1&#8243; animation_style=&#8221;roll&#8221;][\/et_pb_fullwidth_image][\/et_pb_section][et_pb_section fb_built=&#8221;1&#8243; specialty=&#8221;on&#8221; custom_padding_last_edited=&#8221;off|desktop&#8221; admin_label=&#8221;Footer&#8221; _builder_version=&#8221;3.24.1&#8243; use_background_color_gradient=&#8221;on&#8221; background_color_gradient_start=&#8221;#ff6c6e&#8221; background_color_gradient_end=&#8221;#ff7494&#8243; background_color_gradient_direction=&#8221;90deg&#8221; min_height=&#8221;696px&#8221; custom_margin=&#8221;-1px|||||&#8221; custom_padding=&#8221;20px|||||&#8221; custom_padding_phone=&#8221;50px||50px||true&#8221; animation_style=&#8221;fold&#8221; saved_tabs=&#8221;all&#8221;][et_pb_column type=&#8221;1_2&#8243; specialty_columns=&#8221;2&#8243; _builder_version=&#8221;3.0.47&#8243;][et_pb_row_inner make_equal=&#8221;on&#8221; _builder_version=&#8221;3.6&#8243;][et_pb_column_inner type=&#8221;4_4&#8243; saved_specialty_column_type=&#8221;1_2&#8243; _builder_version=&#8221;3.0.47&#8243;][et_pb_text admin_label=&#8221;Title&#8221; _builder_version=&#8221;3.6&#8243; text_font=&#8221;||||||||&#8221; header_font=&#8221;||||||||&#8221; header_2_font=&#8221;Oswald|300|||||||&#8221; header_2_font_size=&#8221;52px&#8221; header_2_letter_spacing=&#8221;1px&#8221; header_2_line_height=&#8221;1.3em&#8221; header_6_font=&#8221;Lato|700||on|||||&#8221; header_6_line_height=&#8221;1.8em&#8221; background_layout=&#8221;dark&#8221; custom_margin=&#8221;|||&#8221; custom_padding=&#8221;|||&#8221; header_2_font_size_phone=&#8221;36px&#8221; header_2_font_size_last_edited=&#8221;on|phone&#8221; locked=&#8221;off&#8221;]<\/p>\n<h6>cont\u00e1ctanos<\/h6>\n<h2>\u00bfQu\u00e9 es lo que necesitas?..<\/h2>\n<p>&nbsp;<\/p>\n<p>[\/et_pb_text][\/et_pb_column_inner][\/et_pb_row_inner][et_pb_row_inner custom_padding=&#8221;|||&#8221; _builder_version=&#8221;3.6&#8243;][et_pb_column_inner type=&#8221;1_2&#8243; saved_specialty_column_type=&#8221;1_2&#8243; _builder_version=&#8221;3.0.47&#8243;][et_pb_blurb title=&#8221;Email&#8221; use_icon=&#8221;on&#8221; font_icon=&#8221;%%238%%&#8221; icon_color=&#8221;#ffffff&#8221; icon_placement=&#8221;left&#8221; use_icon_font_size=&#8221;on&#8221; icon_font_size=&#8221;16px&#8221; _builder_version=&#8221;3.24.1&#8243; header_font=&#8221;Lato|700||on|||||&#8221; header_font_size=&#8221;22px&#8221; header_line_height=&#8221;1.2em&#8221; body_font=&#8221;Lato||||||||&#8221; body_font_size=&#8221;18px&#8221; background_layout=&#8221;dark&#8221; animation=&#8221;off&#8221; text_shadow_style=&#8221;preset1&#8243;]<\/p>\n<p>deitmexico@hotmail.es<\/p>\n<p>[\/et_pb_blurb][et_pb_blurb title=&#8221;Whats app&#8221; use_icon=&#8221;on&#8221; font_icon=&#8221;%%264%%&#8221; icon_color=&#8221;#ffffff&#8221; icon_placement=&#8221;left&#8221; use_icon_font_size=&#8221;on&#8221; icon_font_size=&#8221;16px&#8221; _builder_version=&#8221;3.24.1&#8243; header_font=&#8221;Lato|700||on|||||&#8221; header_font_size=&#8221;22px&#8221; header_line_height=&#8221;1.2em&#8221; body_font=&#8221;Lato||||||||&#8221; body_font_size=&#8221;18px&#8221; background_layout=&#8221;dark&#8221; animation=&#8221;off&#8221; text_shadow_style=&#8221;preset1&#8243; locked=&#8221;off&#8221;]<\/p>\n<p>5516286084 y ofi:\u00a0 5541735309<\/p>\n<p>[\/et_pb_blurb][\/et_pb_column_inner][et_pb_column_inner type=&#8221;1_2&#8243; saved_specialty_column_type=&#8221;1_2&#8243; _builder_version=&#8221;3.0.47&#8243;][et_pb_blurb title=&#8221;Direcci\u00f3n&#8221; use_icon=&#8221;on&#8221; font_icon=&#8221;%%249%%&#8221; icon_color=&#8221;#ffffff&#8221; icon_placement=&#8221;left&#8221; use_icon_font_size=&#8221;on&#8221; icon_font_size=&#8221;16px&#8221; _builder_version=&#8221;3.24.1&#8243; header_font=&#8221;Lato|700||on|||||&#8221; header_font_size=&#8221;22px&#8221; header_line_height=&#8221;1.2em&#8221; body_font=&#8221;Lato||||||||&#8221; body_font_size=&#8221;18px&#8221; background_layout=&#8221;dark&#8221; animation=&#8221;off&#8221; text_shadow_style=&#8221;preset1&#8243; locked=&#8221;off&#8221;]<\/p>\n<p>Norte 56 N\u00b0 3815 Col. R\u00edo Blanco, Alcald\u00eda G. A. Madero, CD<strong>MX<\/strong><\/p>\n<p>[\/et_pb_blurb][\/et_pb_column_inner][\/et_pb_row_inner][\/et_pb_column][et_pb_column type=&#8221;1_2&#8243; _builder_version=&#8221;3.0.47&#8243;][et_pb_contact_form captcha=&#8221;off&#8221; email=&#8221;deitmexico@hotmail.es&#8221; submit_button_text=&#8221;Enviar&#8221; module_id=&#8221;et_pb_contact_form_0&#8243; _builder_version=&#8221;3.24.1&#8243; form_field_background_color=&#8221;#ffffff&#8221; form_field_text_color=&#8221;rgba(0,0,0,0.3)&#8221; title_font=&#8221;||||||||&#8221; title_font_size=&#8221;26px&#8221; captcha_font=&#8221;||||||||&#8221; form_field_font=&#8221;||||||||&#8221; background_color=&#8221;#ffffff&#8221; border_width_all=&#8221;1px&#8221; border_color_all=&#8221;#e1e1e1&#8243; custom_button=&#8221;on&#8221; button_text_size=&#8221;13px&#8221; button_text_color=&#8221;#ffffff&#8221; button_bg_color=&#8221;#1e1e1e&#8221; button_border_width=&#8221;12px&#8221; button_border_color=&#8221;#1e1e1e&#8221; button_border_radius=&#8221;50px&#8221; button_letter_spacing=&#8221;1px&#8221; button_font=&#8221;Poppins|500||on|||||&#8221; button_icon=&#8221;%%3%%&#8221; box_shadow_style_button=&#8221;preset3&#8243; box_shadow_vertical_button=&#8221;24px&#8221; box_shadow_blur_button=&#8221;48px&#8221; box_shadow_color_button=&#8221;rgba(0,0,0,0.2)&#8221; custom_padding=&#8221;60px|50px|60px|50px|true|true&#8221; animation_style=&#8221;flip&#8221; animation_intensity_flip=&#8221;20%&#8221; text_shadow_style=&#8221;preset4&#8243; form_background_color=&#8221;#ffffff&#8221;][et_pb_contact_field field_id=&#8221;Name&#8221; field_title=&#8221;Nombre&#8221; fullwidth_field=&#8221;on&#8221; _builder_version=&#8221;3.24.1&#8243; border_radii=&#8221;on||||&#8221; box_shadow_style=&#8221;preset3&#8243; custom_margin=&#8221;||20px|&#8221; button_text_size__hover_enabled=&#8221;off&#8221; button_one_text_size__hover_enabled=&#8221;off&#8221; button_two_text_size__hover_enabled=&#8221;off&#8221; button_text_color__hover_enabled=&#8221;off&#8221; button_one_text_color__hover_enabled=&#8221;off&#8221; button_two_text_color__hover_enabled=&#8221;off&#8221; button_border_width__hover_enabled=&#8221;off&#8221; button_one_border_width__hover_enabled=&#8221;off&#8221; button_two_border_width__hover_enabled=&#8221;off&#8221; button_border_color__hover_enabled=&#8221;off&#8221; button_one_border_color__hover_enabled=&#8221;off&#8221; button_two_border_color__hover_enabled=&#8221;off&#8221; button_border_radius__hover_enabled=&#8221;off&#8221; button_one_border_radius__hover_enabled=&#8221;off&#8221; button_two_border_radius__hover_enabled=&#8221;off&#8221; button_letter_spacing__hover_enabled=&#8221;off&#8221; button_one_letter_spacing__hover_enabled=&#8221;off&#8221; button_two_letter_spacing__hover_enabled=&#8221;off&#8221; button_bg_color__hover_enabled=&#8221;off&#8221; button_one_bg_color__hover_enabled=&#8221;off&#8221; button_two_bg_color__hover_enabled=&#8221;off&#8221;][\/et_pb_contact_field][et_pb_contact_field field_id=&#8221;Email&#8221; field_title=&#8221;Correo Electr\u00f3nico&#8221; field_type=&#8221;email&#8221; fullwidth_field=&#8221;on&#8221; _builder_version=&#8221;3.24.1&#8243; border_radii=&#8221;on||||&#8221; box_shadow_style=&#8221;preset3&#8243; custom_margin=&#8221;||20px|&#8221; button_text_size__hover_enabled=&#8221;off&#8221; button_one_text_size__hover_enabled=&#8221;off&#8221; button_two_text_size__hover_enabled=&#8221;off&#8221; button_text_color__hover_enabled=&#8221;off&#8221; button_one_text_color__hover_enabled=&#8221;off&#8221; button_two_text_color__hover_enabled=&#8221;off&#8221; button_border_width__hover_enabled=&#8221;off&#8221; button_one_border_width__hover_enabled=&#8221;off&#8221; button_two_border_width__hover_enabled=&#8221;off&#8221; button_border_color__hover_enabled=&#8221;off&#8221; button_one_border_color__hover_enabled=&#8221;off&#8221; button_two_border_color__hover_enabled=&#8221;off&#8221; button_border_radius__hover_enabled=&#8221;off&#8221; button_one_border_radius__hover_enabled=&#8221;off&#8221; button_two_border_radius__hover_enabled=&#8221;off&#8221; button_letter_spacing__hover_enabled=&#8221;off&#8221; button_one_letter_spacing__hover_enabled=&#8221;off&#8221; button_two_letter_spacing__hover_enabled=&#8221;off&#8221; button_bg_color__hover_enabled=&#8221;off&#8221; button_one_bg_color__hover_enabled=&#8221;off&#8221; button_two_bg_color__hover_enabled=&#8221;off&#8221;][\/et_pb_contact_field][et_pb_contact_field field_id=&#8221;Message&#8221; field_title=&#8221;\u00bfQu\u00e9 necesitas?&#8221; field_type=&#8221;text&#8221; fullwidth_field=&#8221;on&#8221; _builder_version=&#8221;3.24.1&#8243; border_radii=&#8221;on||||&#8221; box_shadow_style=&#8221;preset3&#8243; custom_margin=&#8221;||20px|&#8221; button_text_size__hover_enabled=&#8221;off&#8221; button_one_text_size__hover_enabled=&#8221;off&#8221; button_two_text_size__hover_enabled=&#8221;off&#8221; button_text_color__hover_enabled=&#8221;off&#8221; button_one_text_color__hover_enabled=&#8221;off&#8221; button_two_text_color__hover_enabled=&#8221;off&#8221; button_border_width__hover_enabled=&#8221;off&#8221; button_one_border_width__hover_enabled=&#8221;off&#8221; button_two_border_width__hover_enabled=&#8221;off&#8221; button_border_color__hover_enabled=&#8221;off&#8221; button_one_border_color__hover_enabled=&#8221;off&#8221; button_two_border_color__hover_enabled=&#8221;off&#8221; button_border_radius__hover_enabled=&#8221;off&#8221; button_one_border_radius__hover_enabled=&#8221;off&#8221; button_two_border_radius__hover_enabled=&#8221;off&#8221; button_letter_spacing__hover_enabled=&#8221;off&#8221; button_one_letter_spacing__hover_enabled=&#8221;off&#8221; button_two_letter_spacing__hover_enabled=&#8221;off&#8221; button_bg_color__hover_enabled=&#8221;off&#8221; button_one_bg_color__hover_enabled=&#8221;off&#8221; button_two_bg_color__hover_enabled=&#8221;off&#8221;][\/et_pb_contact_field][\/et_pb_contact_form][\/et_pb_column][\/et_pb_section]<\/p>\n","protected":false},"excerpt":{"rendered":"<p>[et_pb_section fb_built=&#8221;1&#8243; fullwidth=&#8221;on&#8221; _builder_version=&#8221;3.24.1&#8243;][et_pb_fullwidth_image src=&#8221;http:\/\/paginaswebenmexico.net\/wordpress2019\/wp-content\/uploads\/2022\/05\/PORTADA-p-CAJAS-PRE-IMPRESA.jpg&#8221; disabled_on=&#8221;on|off|off&#8221; _builder_version=&#8221;3.24.1&#8243; box_shadow_style=&#8221;preset3&#8243; animation_style=&#8221;bounce&#8221;][\/et_pb_fullwidth_image][\/et_pb_section][et_pb_section fb_built=&#8221;1&#8243; fullwidth=&#8221;on&#8221; _builder_version=&#8221;3.24.1&#8243;][et_pb_fullwidth_image src=&#8221;http:\/\/paginaswebenmexico.net\/wordpress2019\/wp-content\/uploads\/2019\/07\/cajas-pre-impr-inicio-cel.jpg&#8221; disabled_on=&#8221;off|on|on&#8221; _builder_version=&#8221;3.24.1&#8243; animation_style=&#8221;roll&#8221;][\/et_pb_fullwidth_image][\/et_pb_section][et_pb_section fb_built=&#8221;1&#8243; fullwidth=&#8221;on&#8221; _builder_version=&#8221;3.24.1&#8243; box_shadow_style=&#8221;preset3&#8243; animation_style=&#8221;roll&#8221;][et_pb_fullwidth_header title=&#8221;Dise\u00f1o y Fabricaci\u00f3n de Cajas Pre-impresas para tus productos&#8221; _builder_version=&#8221;3.24.1&#8243; title_font=&#8221;||||||||&#8221; title_text_align=&#8221;center&#8221; title_font_size=&#8221;36px&#8221; title_text_shadow_style=&#8221;preset1&#8243; content_font=&#8221;||||||||&#8221; content_text_align=&#8221;center&#8221; content_font_size=&#8221;20px&#8221; content_text_shadow_style=&#8221;preset1&#8243; background_color=&#8221;#e02b20&#8243;] &nbsp; Cajas y empaques\u00a0a la medida de tus productos.\u00a0 Aqu\u00ed tienes unas muestras de Cajas [&hellip;]<\/p>\n","protected":false},"author":1,"featured_media":0,"parent":0,"menu_order":0,"comment_status":"closed","ping_status":"closed","template":"","meta":{"_et_pb_use_builder":"on","_et_pb_old_content":"","footnotes":""},"_links":{"self":[{"href":"https:\/\/paginaswebenmexico.net\/wordpress2019\/wp-json\/wp\/v2\/pages\/2129"}],"collection":[{"href":"https:\/\/paginaswebenmexico.net\/wordpress2019\/wp-json\/wp\/v2\/pages"}],"about":[{"href":"https:\/\/paginaswebenmexico.net\/wordpress2019\/wp-json\/wp\/v2\/types\/page"}],"author":[{"embeddable":true,"href":"https:\/\/paginaswebenmexico.net\/wordpress2019\/wp-json\/wp\/v2\/users\/1"}],"replies":[{"embeddable":true,"href":"https:\/\/paginaswebenmexico.net\/wordpress2019\/wp-json\/wp\/v2\/comments?post=2129"}],"version-history":[{"count":55,"href":"https:\/\/paginaswebenmexico.net\/wordpress2019\/wp-json\/wp\/v2\/pages\/2129\/revisions"}],"predecessor-version":[{"id":7732,"href":"https:\/\/paginaswebenmexico.net\/wordpress2019\/wp-json\/wp\/v2\/pages\/2129\/revisions\/7732"}],"wp:attachment":[{"href":"https:\/\/paginaswebenmexico.net\/wordpress2019\/wp-json\/wp\/v2\/media?parent=2129"}],"curies":[{"name":"wp","href":"https:\/\/api.w.org\/{rel}","templated":true}]}}