{"id":1950,"date":"2019-06-26T00:53:31","date_gmt":"2019-06-26T00:53:31","guid":{"rendered":"http:\/\/paginaswebenmexico.net\/wordpress2019\/?page_id=1950"},"modified":"2019-07-22T23:50:35","modified_gmt":"2019-07-22T23:50:35","slug":"revistas-libros","status":"publish","type":"page","link":"https:\/\/paginaswebenmexico.net\/wordpress2019\/revistas-libros\/","title":{"rendered":"Revistas, Libros"},"content":{"rendered":"<p>[et_pb_section fb_built=&#8221;1&#8243; fullwidth=&#8221;on&#8221; _builder_version=&#8221;3.24.1&#8243;][et_pb_fullwidth_image src=&#8221;http:\/\/paginaswebenmexico.net\/wordpress2019\/wp-content\/uploads\/2019\/06\/productos-publicidad-revistas-libros-albums.jpg&#8221; disabled_on=&#8221;on|off|off&#8221; _builder_version=&#8221;3.24.1&#8243; box_shadow_style=&#8221;preset3&#8243; animation_style=&#8221;bounce&#8221;][\/et_pb_fullwidth_image][\/et_pb_section][et_pb_section fb_built=&#8221;1&#8243; fullwidth=&#8221;on&#8221; _builder_version=&#8221;3.24.1&#8243;][et_pb_fullwidth_image src=&#8221;http:\/\/paginaswebenmexico.net\/wordpress2019\/wp-content\/uploads\/2019\/07\/revistas-inicio-cel.jpg&#8221; disabled_on=&#8221;off|on|on&#8221; _builder_version=&#8221;3.24.1&#8243; animation_style=&#8221;roll&#8221;][\/et_pb_fullwidth_image][\/et_pb_section][et_pb_section fb_built=&#8221;1&#8243; fullwidth=&#8221;on&#8221; _builder_version=&#8221;3.24.1&#8243; box_shadow_style=&#8221;preset3&#8243; animation_style=&#8221;roll&#8221;][et_pb_fullwidth_header title=&#8221;Dise\u00f1o de Libros, Revistas, Manuales T\u00e9cnicos .. etc.&#8221; _builder_version=&#8221;3.24.1&#8243; title_font=&#8221;||||||||&#8221; title_text_align=&#8221;center&#8221; title_font_size=&#8221;36px&#8221; title_text_shadow_style=&#8221;preset1&#8243; content_font=&#8221;||||||||&#8221; content_text_align=&#8221;center&#8221; content_font_size=&#8221;20px&#8221; content_text_shadow_style=&#8221;preset1&#8243; background_color=&#8221;#e02b20&#8243;]<\/p>\n<p>&nbsp;<\/p>\n<p><span style=\"font-size: 20px;\">Dise\u00f1amos e imprimimos cualquier tipo de Revista, libros, manuales que tengas en mente!!<\/span><\/p>\n<p><span style=\"font-size: 20px;\">Aqu\u00ed tienes unas muestras de lo que hemos creado.<\/span><\/p>\n<p>&nbsp;<\/p>\n<p>[\/et_pb_fullwidth_header][\/et_pb_section][et_pb_section fb_built=&#8221;1&#8243; fullwidth=&#8221;on&#8221; _builder_version=&#8221;3.24.1&#8243; box_shadow_style=&#8221;preset3&#8243; animation_style=&#8221;roll&#8221;][et_pb_fullwidth_header title=&#8221;Ventajas que ofrecemos para Dise\u00f1ar e imprimir tus proyectos ..&#8221; _builder_version=&#8221;3.24.1&#8243; title_font=&#8221;||||||||&#8221; title_text_align=&#8221;center&#8221; title_text_color=&#8221;#000000&#8243; title_font_size=&#8221;36px&#8221; title_text_shadow_style=&#8221;preset1&#8243; content_font=&#8221;||||||||&#8221; content_text_align=&#8221;center&#8221; content_text_color=&#8221;#000000&#8243; content_font_size=&#8221;20px&#8221; content_text_shadow_style=&#8221;preset1&#8243; background_color=&#8221;#ffffff&#8221; custom_padding=&#8221;24px||18px|||&#8221;][\/et_pb_fullwidth_header][\/et_pb_section][et_pb_section fb_built=&#8221;1&#8243; _builder_version=&#8221;3.24.1&#8243; box_shadow_style=&#8221;preset1&#8243; custom_margin=&#8221;-4px|||||&#8221; custom_padding=&#8221;||6px|||&#8221;][et_pb_row _builder_version=&#8221;3.24.1&#8243;][et_pb_column type=&#8221;1_3&#8243; _builder_version=&#8221;3.24.1&#8243;][et_pb_image src=&#8221;http:\/\/paginaswebenmexico.net\/wordpress2019\/wp-content\/uploads\/2019\/06\/servicio_completoA_ventajas.jpg&#8221; _builder_version=&#8221;3.24.1&#8243; box_shadow_style=&#8221;preset6&#8243;][\/et_pb_image][\/et_pb_column][et_pb_column type=&#8221;1_3&#8243; _builder_version=&#8221;3.24.1&#8243;][et_pb_text _builder_version=&#8221;3.24.1&#8243;]<\/p>\n<ol>\n<li><span style=\"font-size: large;\">Podemos <strong>dise\u00f1ar<\/strong> o <strong>crear cualquier tipo de publicaci\u00f3n<\/strong> y <strong>en cualquier estilo que te agrade!!<\/strong><\/span><\/li>\n<li><span style=\"font-size: large;\"><strong>Podemos Imprimir <\/strong>cualquier cantidad que necesites!!<\/span><\/li>\n<li><span style=\"font-size: large;\">Dese el Dise\u00f1o, corrector de estilo, formaci\u00f3n de Originales Mec\u00e1nicos ..<\/span><\/li>\n<li><span style=\"font-size: large;\"><strong>Cualquier tipo de acabado!!<\/strong><\/span><\/li>\n<li><span style=\"font-size: large;\">Excelente Calidad de impresi\u00f3n<\/span><\/li>\n<li><strong style=\"font-size: large;\">Precios s\u00faper accesibles<\/strong><\/li>\n<li><span style=\"font-size: large;\"><strong>Tiempos de entrega muy cortos<\/strong><\/span><\/li>\n<li><span style=\"font-size: 18px;\"><b>Total profesionalismo y mucho m\u00e1s!!<\/b><\/span><\/li>\n<\/ol>\n<p>[\/et_pb_text][\/et_pb_column][et_pb_column type=&#8221;1_3&#8243; _builder_version=&#8221;3.24.1&#8243;][et_pb_image src=&#8221;http:\/\/paginaswebenmexico.net\/wordpress2019\/wp-content\/uploads\/2019\/06\/servicio_completoC_estadisticas.jpg&#8221; _builder_version=&#8221;3.24.1&#8243;][\/et_pb_image][\/et_pb_column][\/et_pb_row][\/et_pb_section][et_pb_section fb_built=&#8221;1&#8243; _builder_version=&#8221;3.24.1&#8243; box_shadow_style=&#8221;preset3&#8243;][et_pb_row use_custom_gutter=&#8221;on&#8221; gutter_width=&#8221;1&#8243; _builder_version=&#8221;3.24.1&#8243; box_shadow_style=&#8221;preset3&#8243; width=&#8221;95%&#8221; max_width=&#8221;1400px&#8221;][et_pb_column type=&#8221;4_4&#8243; _builder_version=&#8221;3.24.1&#8243;][et_pb_gallery gallery_ids=&#8221;2807,2808,2809,2810&#8243; _builder_version=&#8221;3.24.1&#8243;][\/et_pb_gallery][\/et_pb_column][\/et_pb_row][\/et_pb_section][et_pb_section fb_built=&#8221;1&#8243; fullwidth=&#8221;on&#8221; _builder_version=&#8221;3.24.1&#8243; box_shadow_style=&#8221;preset3&#8243; animation_style=&#8221;roll&#8221;][et_pb_fullwidth_header title=&#8221;.. comentanos por Whats App que proyecto tienes en mente y con gusto te apoyamos!!&#8221; _builder_version=&#8221;3.24.1&#8243; title_font=&#8221;||||||||&#8221; title_text_align=&#8221;center&#8221; title_text_color=&#8221;#8300e9&#8243; title_font_size=&#8221;36px&#8221; title_text_shadow_style=&#8221;preset1&#8243; content_font=&#8221;||||||||&#8221; content_text_align=&#8221;center&#8221; content_text_color=&#8221;#000000&#8243; content_font_size=&#8221;20px&#8221; content_text_shadow_style=&#8221;preset1&#8243; background_color=&#8221;#ffffff&#8221; custom_padding=&#8221;24px||18px|||&#8221;][\/et_pb_fullwidth_header][\/et_pb_section][et_pb_section fb_built=&#8221;1&#8243; _builder_version=&#8221;3.24.1&#8243; box_shadow_style=&#8221;preset3&#8243;][et_pb_row _builder_version=&#8221;3.24.1&#8243;][et_pb_column type=&#8221;1_2&#8243; _builder_version=&#8221;3.24.1&#8243;][et_pb_text _builder_version=&#8221;3.24.1&#8243; animation_style=&#8221;roll&#8221;]<\/p>\n<p><span style=\"font-size: x-large;\">Danos datos como .. el <strong>n\u00famero de p\u00e1ginas<\/strong> &#8230; <strong>a color?<\/strong> &#8230; <strong>o solo a una tinta<\/strong> &#8230; la <strong>cantidad<\/strong> que quieres que hagamos &#8230; y el <strong>tipo de papel (delgado o grueso)<\/strong> .. y .. <strong>nosotros te damos opciones y respuestas al instante!!!<\/strong><\/span><\/p>\n<p>[\/et_pb_text][\/et_pb_column][et_pb_column type=&#8221;1_2&#8243; _builder_version=&#8221;3.24.1&#8243;][et_pb_image src=&#8221;http:\/\/paginaswebenmexico.net\/wordpress2019\/wp-content\/uploads\/2019\/07\/whatsappeanos-ya.jpg&#8221; _builder_version=&#8221;3.24.1&#8243; animation_style=&#8221;roll&#8221;][\/et_pb_image][\/et_pb_column][\/et_pb_row][\/et_pb_section][et_pb_section fb_built=&#8221;1&#8243; fullwidth=&#8221;on&#8221; _builder_version=&#8221;3.24.1&#8243; background_color=&#8221;rgba(0,0,0,0)&#8221; animation_style=&#8221;roll&#8221;][et_pb_fullwidth_header title=&#8221;Whats App&#8221; subhead=&#8221;5516286084 y al 5528911200    ofi:  41735309&#8243; _builder_version=&#8221;3.24.1&#8243; title_font=&#8221;||||||||&#8221; title_text_color=&#8221;#000000&#8243; title_font_size=&#8221;51px&#8221; title_text_shadow_style=&#8221;preset1&#8243; content_font=&#8221;||||||||&#8221; content_text_color=&#8221;#000000&#8243; content_font_size=&#8221;20px&#8221; subhead_font=&#8221;||||||||&#8221; subhead_text_color=&#8221;#000000&#8243; subhead_font_size=&#8221;23px&#8221; background_color=&#8221;rgba(0,0,0,0)&#8221; animation_style=&#8221;fade&#8221;]<\/p>\n<div class=\"et_pb_header_content_wrapper\">\n<p><span style=\"color: #b2b2b2;\"><\/span><\/p>\n<p><span style=\"color: #b2b2b2;\">\u00a0<\/span><\/p>\n<p><span style=\"color: #757575;\">.. y de inmediato y con mucho gusto\u00a0<strong>..\u00a0 \u00a0 \u00a0 \u00a0<span style=\"color: #0e5fed;\">.. te atenderemos !!\u00a0 \u00a0 \u00a0 \u00a0=)<\/span><\/strong><\/span><\/p>\n<\/div>\n<p>[\/et_pb_fullwidth_header][\/et_pb_section][et_pb_section fb_built=&#8221;1&#8243; fullwidth=&#8221;on&#8221; _builder_version=&#8221;3.24.1&#8243; disabled_on=&#8221;off|on|on&#8221;][et_pb_fullwidth_image animation_style=&#8221;roll&#8221; src=&#8221;http:\/\/paginaswebenmexico.net\/wordpress2019\/wp-content\/uploads\/2019\/07\/lamina-13.jpg&#8221; _builder_version=&#8221;3.24.1&#8243;][\/et_pb_fullwidth_image][\/et_pb_section][et_pb_section fb_built=&#8221;1&#8243; specialty=&#8221;on&#8221; custom_padding_last_edited=&#8221;off|desktop&#8221; admin_label=&#8221;Footer&#8221; _builder_version=&#8221;3.24.1&#8243; use_background_color_gradient=&#8221;on&#8221; background_color_gradient_start=&#8221;#ff6c6e&#8221; background_color_gradient_end=&#8221;#ff7494&#8243; background_color_gradient_direction=&#8221;90deg&#8221; min_height=&#8221;696px&#8221; custom_margin=&#8221;-1px|||||&#8221; custom_padding=&#8221;20px|||||&#8221; custom_padding_phone=&#8221;50px||50px||true&#8221; animation_style=&#8221;fold&#8221; saved_tabs=&#8221;all&#8221;][et_pb_column type=&#8221;1_2&#8243; specialty_columns=&#8221;2&#8243; _builder_version=&#8221;3.0.47&#8243;][et_pb_row_inner make_equal=&#8221;on&#8221; _builder_version=&#8221;3.6&#8243;][et_pb_column_inner type=&#8221;4_4&#8243; saved_specialty_column_type=&#8221;1_2&#8243; _builder_version=&#8221;3.0.47&#8243;][et_pb_text admin_label=&#8221;Title&#8221; _builder_version=&#8221;3.6&#8243; text_font=&#8221;||||||||&#8221; header_font=&#8221;||||||||&#8221; header_2_font=&#8221;Oswald|300|||||||&#8221; header_2_font_size=&#8221;52px&#8221; header_2_letter_spacing=&#8221;1px&#8221; header_2_line_height=&#8221;1.3em&#8221; header_6_font=&#8221;Lato|700||on|||||&#8221; header_6_line_height=&#8221;1.8em&#8221; background_layout=&#8221;dark&#8221; custom_margin=&#8221;|||&#8221; custom_padding=&#8221;|||&#8221; header_2_font_size_phone=&#8221;36px&#8221; header_2_font_size_last_edited=&#8221;on|phone&#8221; locked=&#8221;off&#8221;]<\/p>\n<h6>cont\u00e1ctanos<\/h6>\n<h2>\u00bfQu\u00e9 es lo que necesitas?..<\/h2>\n<p>&nbsp;<\/p>\n<p>[\/et_pb_text][\/et_pb_column_inner][\/et_pb_row_inner][et_pb_row_inner custom_padding=&#8221;|||&#8221; _builder_version=&#8221;3.6&#8243;][et_pb_column_inner type=&#8221;1_2&#8243; saved_specialty_column_type=&#8221;1_2&#8243; _builder_version=&#8221;3.0.47&#8243;][et_pb_blurb title=&#8221;Email&#8221; use_icon=&#8221;on&#8221; font_icon=&#8221;%%238%%&#8221; icon_color=&#8221;#ffffff&#8221; icon_placement=&#8221;left&#8221; use_icon_font_size=&#8221;on&#8221; icon_font_size=&#8221;16px&#8221; _builder_version=&#8221;3.24.1&#8243; header_font=&#8221;Lato|700||on|||||&#8221; header_font_size=&#8221;22px&#8221; header_line_height=&#8221;1.2em&#8221; body_font=&#8221;Lato||||||||&#8221; body_font_size=&#8221;18px&#8221; background_layout=&#8221;dark&#8221; animation=&#8221;off&#8221; text_shadow_style=&#8221;preset1&#8243;]<\/p>\n<p>deitmexico@hotmail.es<\/p>\n<p>[\/et_pb_blurb][et_pb_blurb title=&#8221;Whats app&#8221; use_icon=&#8221;on&#8221; font_icon=&#8221;%%264%%&#8221; icon_color=&#8221;#ffffff&#8221; icon_placement=&#8221;left&#8221; use_icon_font_size=&#8221;on&#8221; icon_font_size=&#8221;16px&#8221; _builder_version=&#8221;3.24.1&#8243; header_font=&#8221;Lato|700||on|||||&#8221; header_font_size=&#8221;22px&#8221; header_line_height=&#8221;1.2em&#8221; body_font=&#8221;Lato||||||||&#8221; body_font_size=&#8221;18px&#8221; background_layout=&#8221;dark&#8221; animation=&#8221;off&#8221; text_shadow_style=&#8221;preset1&#8243; locked=&#8221;off&#8221;]<\/p>\n<p>5516286084 y 5528911200\u00a0 \u00a0 ofi:\u00a0 41735309<\/p>\n<p>[\/et_pb_blurb][\/et_pb_column_inner][et_pb_column_inner type=&#8221;1_2&#8243; saved_specialty_column_type=&#8221;1_2&#8243; _builder_version=&#8221;3.0.47&#8243;][et_pb_blurb title=&#8221;Direcci\u00f3n&#8221; use_icon=&#8221;on&#8221; font_icon=&#8221;%%249%%&#8221; icon_color=&#8221;#ffffff&#8221; icon_placement=&#8221;left&#8221; use_icon_font_size=&#8221;on&#8221; icon_font_size=&#8221;16px&#8221; _builder_version=&#8221;3.24.1&#8243; header_font=&#8221;Lato|700||on|||||&#8221; header_font_size=&#8221;22px&#8221; header_line_height=&#8221;1.2em&#8221; body_font=&#8221;Lato||||||||&#8221; body_font_size=&#8221;18px&#8221; background_layout=&#8221;dark&#8221; animation=&#8221;off&#8221; text_shadow_style=&#8221;preset1&#8243; locked=&#8221;off&#8221;]<\/p>\n<p>Norte 56 N\u00b0 3815 Col. R\u00edo Blanco, Alcald\u00eda G. A. Madero, CD<strong>MX<\/strong><\/p>\n<p>[\/et_pb_blurb][\/et_pb_column_inner][\/et_pb_row_inner][et_pb_row_inner custom_padding=&#8221;25px|0px|15px|0px|false|false&#8221; _builder_version=&#8221;3.6&#8243; border_width_all=&#8221;1px&#8221; border_color_all=&#8221;rgba(255,255,255,0.2)&#8221; border_width_right=&#8221;0px&#8221; border_width_left=&#8221;0px&#8221; custom_margin=&#8221;30px|||&#8221;][et_pb_column_inner type=&#8221;4_4&#8243; saved_specialty_column_type=&#8221;1_2&#8243; _builder_version=&#8221;3.0.47&#8243;][et_pb_social_media_follow _builder_version=&#8221;3.6&#8243; text_orientation=&#8221;center&#8221; custom_margin=&#8221;|20px|0px|20px|false|true&#8221;][et_pb_social_media_follow_network social_network=&#8221;pinterest&#8221; _builder_version=&#8221;3.6&#8243; custom_margin=&#8221;|20px||20px|false|true&#8221; follow_button=&#8221;off&#8221; url_new_window=&#8221;on&#8221;]pinterest[\/et_pb_social_media_follow_network][et_pb_social_media_follow_network social_network=&#8221;dribbble&#8221; _builder_version=&#8221;3.6&#8243; custom_margin=&#8221;|20px||20px|false|true&#8221; follow_button=&#8221;off&#8221; url_new_window=&#8221;on&#8221;]dribbble[\/et_pb_social_media_follow_network][et_pb_social_media_follow_network social_network=&#8221;instagram&#8221; _builder_version=&#8221;3.6&#8243; custom_margin=&#8221;|20px||20px|false|true&#8221; follow_button=&#8221;off&#8221; url_new_window=&#8221;on&#8221;]instagram[\/et_pb_social_media_follow_network][et_pb_social_media_follow_network social_network=&#8221;flikr&#8221; _builder_version=&#8221;3.6&#8243; custom_margin=&#8221;|20px||20px|false|true&#8221; follow_button=&#8221;off&#8221; url_new_window=&#8221;on&#8221;]flikr[\/et_pb_social_media_follow_network][\/et_pb_social_media_follow][\/et_pb_column_inner][\/et_pb_row_inner][\/et_pb_column][et_pb_column type=&#8221;1_2&#8243; _builder_version=&#8221;3.0.47&#8243;][et_pb_contact_form captcha=&#8221;off&#8221; email=&#8221;deitmexico@hotmail.es&#8221; submit_button_text=&#8221;Enviar&#8221; module_id=&#8221;et_pb_contact_form_0&#8243; _builder_version=&#8221;3.24.1&#8243; form_field_background_color=&#8221;#ffffff&#8221; form_field_text_color=&#8221;rgba(0,0,0,0.3)&#8221; title_font=&#8221;||||||||&#8221; title_font_size=&#8221;26px&#8221; captcha_font=&#8221;||||||||&#8221; form_field_font=&#8221;||||||||&#8221; background_color=&#8221;#ffffff&#8221; border_width_all=&#8221;1px&#8221; border_color_all=&#8221;#e1e1e1&#8243; custom_button=&#8221;on&#8221; button_text_size=&#8221;13px&#8221; button_text_color=&#8221;#ffffff&#8221; button_bg_color=&#8221;#1e1e1e&#8221; button_border_width=&#8221;12px&#8221; button_border_color=&#8221;#1e1e1e&#8221; button_border_radius=&#8221;50px&#8221; button_letter_spacing=&#8221;1px&#8221; button_font=&#8221;Poppins|500||on|||||&#8221; button_icon=&#8221;%%3%%&#8221; box_shadow_style_button=&#8221;preset3&#8243; box_shadow_vertical_button=&#8221;24px&#8221; box_shadow_blur_button=&#8221;48px&#8221; box_shadow_color_button=&#8221;rgba(0,0,0,0.2)&#8221; custom_padding=&#8221;60px|50px|60px|50px|true|true&#8221; animation_style=&#8221;flip&#8221; animation_intensity_flip=&#8221;20%&#8221; text_shadow_style=&#8221;preset4&#8243; form_background_color=&#8221;#ffffff&#8221;][et_pb_contact_field field_id=&#8221;Name&#8221; field_title=&#8221;Nombre&#8221; fullwidth_field=&#8221;on&#8221; _builder_version=&#8221;3.24.1&#8243; border_radii=&#8221;on||||&#8221; box_shadow_style=&#8221;preset3&#8243; custom_margin=&#8221;||20px|&#8221; button_text_size__hover_enabled=&#8221;off&#8221; button_one_text_size__hover_enabled=&#8221;off&#8221; button_two_text_size__hover_enabled=&#8221;off&#8221; button_text_color__hover_enabled=&#8221;off&#8221; button_one_text_color__hover_enabled=&#8221;off&#8221; button_two_text_color__hover_enabled=&#8221;off&#8221; button_border_width__hover_enabled=&#8221;off&#8221; button_one_border_width__hover_enabled=&#8221;off&#8221; button_two_border_width__hover_enabled=&#8221;off&#8221; button_border_color__hover_enabled=&#8221;off&#8221; button_one_border_color__hover_enabled=&#8221;off&#8221; button_two_border_color__hover_enabled=&#8221;off&#8221; button_border_radius__hover_enabled=&#8221;off&#8221; button_one_border_radius__hover_enabled=&#8221;off&#8221; button_two_border_radius__hover_enabled=&#8221;off&#8221; button_letter_spacing__hover_enabled=&#8221;off&#8221; button_one_letter_spacing__hover_enabled=&#8221;off&#8221; button_two_letter_spacing__hover_enabled=&#8221;off&#8221; button_bg_color__hover_enabled=&#8221;off&#8221; button_one_bg_color__hover_enabled=&#8221;off&#8221; button_two_bg_color__hover_enabled=&#8221;off&#8221;][\/et_pb_contact_field][et_pb_contact_field field_id=&#8221;Email&#8221; field_title=&#8221;Correo Electr\u00f3nico&#8221; field_type=&#8221;email&#8221; fullwidth_field=&#8221;on&#8221; _builder_version=&#8221;3.24.1&#8243; border_radii=&#8221;on||||&#8221; box_shadow_style=&#8221;preset3&#8243; custom_margin=&#8221;||20px|&#8221; button_text_size__hover_enabled=&#8221;off&#8221; button_one_text_size__hover_enabled=&#8221;off&#8221; button_two_text_size__hover_enabled=&#8221;off&#8221; button_text_color__hover_enabled=&#8221;off&#8221; button_one_text_color__hover_enabled=&#8221;off&#8221; button_two_text_color__hover_enabled=&#8221;off&#8221; button_border_width__hover_enabled=&#8221;off&#8221; button_one_border_width__hover_enabled=&#8221;off&#8221; button_two_border_width__hover_enabled=&#8221;off&#8221; button_border_color__hover_enabled=&#8221;off&#8221; button_one_border_color__hover_enabled=&#8221;off&#8221; button_two_border_color__hover_enabled=&#8221;off&#8221; button_border_radius__hover_enabled=&#8221;off&#8221; button_one_border_radius__hover_enabled=&#8221;off&#8221; button_two_border_radius__hover_enabled=&#8221;off&#8221; button_letter_spacing__hover_enabled=&#8221;off&#8221; button_one_letter_spacing__hover_enabled=&#8221;off&#8221; button_two_letter_spacing__hover_enabled=&#8221;off&#8221; button_bg_color__hover_enabled=&#8221;off&#8221; button_one_bg_color__hover_enabled=&#8221;off&#8221; button_two_bg_color__hover_enabled=&#8221;off&#8221;][\/et_pb_contact_field][et_pb_contact_field field_id=&#8221;Message&#8221; field_title=&#8221;\u00bfQu\u00e9 necesitas?&#8221; field_type=&#8221;text&#8221; fullwidth_field=&#8221;on&#8221; _builder_version=&#8221;3.24.1&#8243; border_radii=&#8221;on||||&#8221; box_shadow_style=&#8221;preset3&#8243; custom_margin=&#8221;||20px|&#8221; button_text_size__hover_enabled=&#8221;off&#8221; button_one_text_size__hover_enabled=&#8221;off&#8221; button_two_text_size__hover_enabled=&#8221;off&#8221; button_text_color__hover_enabled=&#8221;off&#8221; button_one_text_color__hover_enabled=&#8221;off&#8221; button_two_text_color__hover_enabled=&#8221;off&#8221; button_border_width__hover_enabled=&#8221;off&#8221; button_one_border_width__hover_enabled=&#8221;off&#8221; button_two_border_width__hover_enabled=&#8221;off&#8221; button_border_color__hover_enabled=&#8221;off&#8221; button_one_border_color__hover_enabled=&#8221;off&#8221; button_two_border_color__hover_enabled=&#8221;off&#8221; button_border_radius__hover_enabled=&#8221;off&#8221; button_one_border_radius__hover_enabled=&#8221;off&#8221; button_two_border_radius__hover_enabled=&#8221;off&#8221; button_letter_spacing__hover_enabled=&#8221;off&#8221; button_one_letter_spacing__hover_enabled=&#8221;off&#8221; button_two_letter_spacing__hover_enabled=&#8221;off&#8221; button_bg_color__hover_enabled=&#8221;off&#8221; button_one_bg_color__hover_enabled=&#8221;off&#8221; button_two_bg_color__hover_enabled=&#8221;off&#8221;][\/et_pb_contact_field][\/et_pb_contact_form][\/et_pb_column][\/et_pb_section]<\/p>\n","protected":false},"excerpt":{"rendered":"<p>[et_pb_section fb_built=&#8221;1&#8243; fullwidth=&#8221;on&#8221; _builder_version=&#8221;3.24.1&#8243;][et_pb_fullwidth_image src=&#8221;http:\/\/paginaswebenmexico.net\/wordpress2019\/wp-content\/uploads\/2019\/06\/productos-publicidad-revistas-libros-albums.jpg&#8221; disabled_on=&#8221;on|off|off&#8221; _builder_version=&#8221;3.24.1&#8243; box_shadow_style=&#8221;preset3&#8243; animation_style=&#8221;bounce&#8221;][\/et_pb_fullwidth_image][\/et_pb_section][et_pb_section fb_built=&#8221;1&#8243; fullwidth=&#8221;on&#8221; _builder_version=&#8221;3.24.1&#8243;][et_pb_fullwidth_image src=&#8221;http:\/\/paginaswebenmexico.net\/wordpress2019\/wp-content\/uploads\/2019\/07\/revistas-inicio-cel.jpg&#8221; disabled_on=&#8221;off|on|on&#8221; _builder_version=&#8221;3.24.1&#8243; animation_style=&#8221;roll&#8221;][\/et_pb_fullwidth_image][\/et_pb_section][et_pb_section fb_built=&#8221;1&#8243; fullwidth=&#8221;on&#8221; _builder_version=&#8221;3.24.1&#8243; box_shadow_style=&#8221;preset3&#8243; animation_style=&#8221;roll&#8221;][et_pb_fullwidth_header title=&#8221;Dise\u00f1o de Libros, Revistas, Manuales T\u00e9cnicos .. etc.&#8221; _builder_version=&#8221;3.24.1&#8243; title_font=&#8221;||||||||&#8221; title_text_align=&#8221;center&#8221; title_font_size=&#8221;36px&#8221; title_text_shadow_style=&#8221;preset1&#8243; content_font=&#8221;||||||||&#8221; content_text_align=&#8221;center&#8221; content_font_size=&#8221;20px&#8221; content_text_shadow_style=&#8221;preset1&#8243; background_color=&#8221;#e02b20&#8243;] &nbsp; Dise\u00f1amos e imprimimos cualquier tipo de Revista, libros, manuales que tengas en mente!! Aqu\u00ed tienes [&hellip;]<\/p>\n","protected":false},"author":1,"featured_media":0,"parent":0,"menu_order":0,"comment_status":"closed","ping_status":"closed","template":"","meta":{"_et_pb_use_builder":"on","_et_pb_old_content":"","footnotes":""},"_links":{"self":[{"href":"https:\/\/paginaswebenmexico.net\/wordpress2019\/wp-json\/wp\/v2\/pages\/1950"}],"collection":[{"href":"https:\/\/paginaswebenmexico.net\/wordpress2019\/wp-json\/wp\/v2\/pages"}],"about":[{"href":"https:\/\/paginaswebenmexico.net\/wordpress2019\/wp-json\/wp\/v2\/types\/page"}],"author":[{"embeddable":true,"href":"https:\/\/paginaswebenmexico.net\/wordpress2019\/wp-json\/wp\/v2\/users\/1"}],"replies":[{"embeddable":true,"href":"https:\/\/paginaswebenmexico.net\/wordpress2019\/wp-json\/wp\/v2\/comments?post=1950"}],"version-history":[{"count":9,"href":"https:\/\/paginaswebenmexico.net\/wordpress2019\/wp-json\/wp\/v2\/pages\/1950\/revisions"}],"predecessor-version":[{"id":4503,"href":"https:\/\/paginaswebenmexico.net\/wordpress2019\/wp-json\/wp\/v2\/pages\/1950\/revisions\/4503"}],"wp:attachment":[{"href":"https:\/\/paginaswebenmexico.net\/wordpress2019\/wp-json\/wp\/v2\/media?parent=1950"}],"curies":[{"name":"wp","href":"https:\/\/api.w.org\/{rel}","templated":true}]}}